{"id":17915,"date":"2020-08-31T16:01:07","date_gmt":"2020-08-31T16:01:07","guid":{"rendered":"http:\/\/phytogold.pt\/?page_id=17915"},"modified":"2020-09-04T14:40:20","modified_gmt":"2020-09-04T14:40:20","slug":"ansiotina-mulher","status":"publish","type":"page","link":"https:\/\/phytogold.pt\/fr\/memoria-depressao-ansiedade-sono\/ansiotina-mulher\/","title":{"rendered":"Ansiotina Femme"},"content":{"rendered":"<p>[vc_row css_animation=\u00a0\u00bb\u00a0\u00bb row_type=\u00a0\u00bbrow\u00a0\u00bb use_row_as_full_screen_section=\u00a0\u00bbno\u00a0\u00bb type=\u00a0\u00bbfull_width\u00a0\u00bb angled_section=\u00a0\u00bbno\u00a0\u00bb text_align=\u00a0\u00bbleft\u00a0\u00bb background_image_as_pattern=\u00a0\u00bbwithout_pattern\u00a0\u00bb][vc_column width=\u00a0\u00bb1\/4&Prime;][vc_single_image image=\u00a0\u00bb17916&Prime; img_size=\u00a0\u00bbfull\u00a0\u00bb qode_css_animation=\u00a0\u00bb\u00a0\u00bb][\/vc_column][vc_column width=\u00a0\u00bb3\/4&Prime;][vc_column_text]<\/p>\n<h1>Ansiotina Femme<\/h1>\n<p>[\/vc_column_text][vc_empty_space height=\u00a0\u00bb30px\u00a0\u00bb][vc_column_text]<\/p>\n<p>&nbsp;<\/p>\n<p><span style=\"color: #333333;\"><strong>Pr\u00e9sentation:<\/strong> 30 ampoules de 10ml<\/span><\/p>\n<p>[\/vc_column_text][\/vc_column][\/vc_row][vc_row css_animation=\u00a0\u00bb\u00a0\u00bb row_type=\u00a0\u00bbrow\u00a0\u00bb use_row_as_full_screen_section=\u00a0\u00bbno\u00a0\u00bb type=\u00a0\u00bbfull_width\u00a0\u00bb angled_section=\u00a0\u00bbno\u00a0\u00bb text_align=\u00a0\u00bbleft\u00a0\u00bb background_image_as_pattern=\u00a0\u00bbwithout_pattern\u00a0\u00bb][vc_column]<div class=\"qode-advanced-tabs qode-advanced-tabs qode-advanced-horizontal-tab clearfix qode-advanced-tab-without-icon qode-advanced-tabs-column-2 clearfix\">\n\t<ul class=\"qode-advanced-tabs-nav\">\n\t\t\t\t\t<li>\n\t\t\t\t<h6>\n\t\t\t\t\t<a href=\"#tab-ingredients\">\n\t\t\t\t\t\t\n\t\t\t\t\t\t\t\t\t\t\t\t\t<span class=\"qode-advanced-tab-text-after-icon\">\n\t\t\t\t\t\t\t\tINGR\u00c9DIENTS\t\t\t\t\t\t\t<\/span>\n\t\t\t\t\t\t\t\t\t\t\t<\/a>\n\t\t\t\t<\/h6>\n\t\t\t<\/li>\n\t\t\t\t\t<li>\n\t\t\t\t<h6>\n\t\t\t\t\t<a href=\"#tab-conseils-dutilisation\">\n\t\t\t\t\t\t\n\t\t\t\t\t\t\t\t\t\t\t\t\t<span class=\"qode-advanced-tab-text-after-icon\">\n\t\t\t\t\t\t\t\tConseils d&#039;utilisation\t\t\t\t\t\t\t<\/span>\n\t\t\t\t\t\t\t\t\t\t\t<\/a>\n\t\t\t\t<\/h6>\n\t\t\t<\/li>\n\t\t\t<\/ul>\n\t<div class=\"qode-advanced-tab-container\" id=\"tab-ingredients-675\" data-icon-pack=\"\" data-icon-html=\"\">[vc_column_text]<strong><span style=\"color: #333333;\">Composition par ampoule:<\/span><\/strong><\/p>\n<p><span style=\"color: #333333;\">Choline 214.29mg; Acide L-glutamique 200mg; L-Lysine 151.5mg; Bacopa 100mg extrait sec (\u00e9quivalent v\u00e9g\u00e9tal 500mg) (Bac\u00f3didos 10mg); Inositol 100mg; Extrait sec de Panax Ginseng 50mg (\u00e9quivalent v\u00e9g\u00e9tal 100mg) (Ginsenodes 2.5mg); L-Arginine 50mg; L-Arginine Aspartate 50mg; Extrait sec framboise 50mg (\u00e9quivalent v\u00e9g\u00e9tal 100mg) (C\u00e9tones 2.5mg); Extrait sec de canneberge 50mg (\u00e9quivalent v\u00e9g\u00e9tal 200mg) (PAC \u2013 Proanthocyanidins 2.5mg); Extrait de sauge s\u00e8che 25mg (\u00e9quivalent v\u00e9g\u00e9tal 125mg) (Rosmarinic 0.625mg); Extrait sec d\u2019Agnus Castus 25mg (\u00e9quivalent v\u00e9g\u00e9tal 50mg); Ac\u00e9tyl L-carnitine 25mg; L-glutamine 15mg; Vitamine B6 1.4mg (100% VRN); Vitamine B2 1.4mg (100% VRN); Extrait sec de romarin 1.43mg (\u00e9quivalent v\u00e9g\u00e9tal 10.01mg) (Acide rosmarinique 0.0286mg); Vitamine B1 1.1mg (100% VRN).<\/span>[\/vc_column_text]<\/div><div class=\"qode-advanced-tab-container\" id=\"tab-conseils-dutilisation-763\" data-icon-pack=\"\" data-icon-html=\"\">[vc_column_text]<span style=\"color: #333333;\"><strong>Mode de prise:<\/strong> 1 ampoule par jour.<\/span>[\/vc_column_text]<\/div><\/div>[\/vc_column][\/vc_row][vc_row css_animation=\u00a0\u00bb\u00a0\u00bb row_type=\u00a0\u00bbrow\u00a0\u00bb use_row_as_full_screen_section=\u00a0\u00bbno\u00a0\u00bb type=\u00a0\u00bbfull_width\u00a0\u00bb angled_section=\u00a0\u00bbno\u00a0\u00bb text_align=\u00a0\u00bbleft\u00a0\u00bb background_image_as_pattern=\u00a0\u00bbwithout_pattern\u00a0\u00bb css=\u00a0\u00bb.vc_custom_1519906604451{margin-top: 50px !important;margin-bottom: 50px !important;}\u00a0\u00bb z_index=\u00a0\u00bb\u00a0\u00bb][vc_column][vc_column_text]<\/p>\n<p>Se tiver qualquer d\u00favida n\u00e3o hesite em nos contactar<br \/>\n[\/vc_column_text][\/vc_column][\/vc_row][vc_column width=\u00a0\u00bb1\/3&Prime;][\/vc_column][vc_column width=\u00a0\u00bb2\/3&Prime;][\/vc_column]<\/p>","protected":false},"excerpt":{"rendered":"<p>[vc_row css_animation=\u00a0\u00bb\u00a0\u00bb row_type=\u00a0\u00bbrow\u00a0\u00bb use_row_as_full_screen_section=\u00a0\u00bbno\u00a0\u00bb type=\u00a0\u00bbfull_width\u00a0\u00bb angled_section=\u00a0\u00bbno\u00a0\u00bb text_align=\u00a0\u00bbleft\u00a0\u00bb background_image_as_pattern=\u00a0\u00bbwithout_pattern\u00a0\u00bb][vc_column width=\u00a0\u00bb1\/4&Prime;][vc_single_image image=\u00a0\u00bb17916&Prime; img_size=\u00a0\u00bbfull\u00a0\u00bb qode_css_animation=\u00a0\u00bb\u00a0\u00bb][\/vc_column][vc_column width=\u00a0\u00bb3\/4&Prime;][vc_column_text] Ansiotina Femme [\/vc_column_text][vc_empty_space height=\u00a0\u00bb30px\u00a0\u00bb][vc_column_text] &nbsp; Pr\u00e9sentation: 30 ampoules de 10ml [\/vc_column_text][\/vc_column][\/vc_row][vc_row css_animation=\u00a0\u00bb\u00a0\u00bb row_type=\u00a0\u00bbrow\u00a0\u00bb use_row_as_full_screen_section=\u00a0\u00bbno\u00a0\u00bb type=\u00a0\u00bbfull_width\u00a0\u00bb angled_section=\u00a0\u00bbno\u00a0\u00bb text_align=\u00a0\u00bbleft\u00a0\u00bb background_image_as_pattern=\u00a0\u00bbwithout_pattern\u00a0\u00bb][vc_column][\/vc_column][\/vc_row][vc_row css_animation=\u00a0\u00bb\u00a0\u00bb row_type=\u00a0\u00bbrow\u00a0\u00bb use_row_as_full_screen_section=\u00a0\u00bbno\u00a0\u00bb type=\u00a0\u00bbfull_width\u00a0\u00bb angled_section=\u00a0\u00bbno\u00a0\u00bb text_align=\u00a0\u00bbleft\u00a0\u00bb background_image_as_pattern=\u00a0\u00bbwithout_pattern\u00a0\u00bb css=\u00a0\u00bb.vc_custom_1519906604451{margin-top: 50px !important;margin-bottom: 50px !important;}\u00a0\u00bb z_index=\u00a0\u00bb\u00a0\u00bb][vc_column][vc_column_text] Se&#8230;<\/p>\n","protected":false},"author":2,"featured_media":0,"parent":16759,"menu_order":0,"comment_status":"closed","ping_status":"closed","template":"","meta":[],"_links":{"self":[{"href":"https:\/\/phytogold.pt\/fr\/wp-json\/wp\/v2\/pages\/17915"}],"collection":[{"href":"https:\/\/phytogold.pt\/fr\/wp-json\/wp\/v2\/pages"}],"about":[{"href":"https:\/\/phytogold.pt\/fr\/wp-json\/wp\/v2\/types\/page"}],"author":[{"embeddable":true,"href":"https:\/\/phytogold.pt\/fr\/wp-json\/wp\/v2\/users\/2"}],"replies":[{"embeddable":true,"href":"https:\/\/phytogold.pt\/fr\/wp-json\/wp\/v2\/comments?post=17915"}],"version-history":[{"count":9,"href":"https:\/\/phytogold.pt\/fr\/wp-json\/wp\/v2\/pages\/17915\/revisions"}],"predecessor-version":[{"id":17984,"href":"https:\/\/phytogold.pt\/fr\/wp-json\/wp\/v2\/pages\/17915\/revisions\/17984"}],"up":[{"embeddable":true,"href":"https:\/\/phytogold.pt\/fr\/wp-json\/wp\/v2\/pages\/16759"}],"wp:attachment":[{"href":"https:\/\/phytogold.pt\/fr\/wp-json\/wp\/v2\/media?parent=17915"}],"curies":[{"name":"wp","href":"https:\/\/api.w.org\/{rel}","templated":true}]}}