{"id":17757,"date":"2019-03-18T16:38:14","date_gmt":"2019-03-18T16:38:14","guid":{"rendered":"http:\/\/phytogold.pt\/?page_id=17757"},"modified":"2022-11-30T15:02:18","modified_gmt":"2022-11-30T15:02:18","slug":"cannabis-2-formula-fucus","status":"publish","type":"page","link":"https:\/\/phytogold.pt\/fr\/emagrecimento\/capsulas-comprimidos\/cannabis-2-formula-fucus\/","title":{"rendered":"CANNABIS 2 Formule+Fucus"},"content":{"rendered":"<p>[vc_row css_animation=\u00a0\u00bb\u00a0\u00bb row_type=\u00a0\u00bbrow\u00a0\u00bb use_row_as_full_screen_section=\u00a0\u00bbno\u00a0\u00bb type=\u00a0\u00bbfull_width\u00a0\u00bb angled_section=\u00a0\u00bbno\u00a0\u00bb text_align=\u00a0\u00bbleft\u00a0\u00bb background_image_as_pattern=\u00a0\u00bbwithout_pattern\u00a0\u00bb][vc_column width=\u00a0\u00bb1\/4&Prime;][vc_single_image image=\u00a0\u00bb17759&Prime; img_size=\u00a0\u00bbfull\u00a0\u00bb qode_css_animation=\u00a0\u00bb\u00a0\u00bb][\/vc_column][vc_column width=\u00a0\u00bb3\/4&Prime;][vc_column_text]<\/p>\n<h1>CANNABIS 2 Formule+Fucus<\/h1>\n<p>[\/vc_column_text][vc_empty_space height=\u00a0\u00bb30px\u00a0\u00bb][vc_column_text]<\/p>\n<p id=\"tw-target-text\" class=\"tw-data-text tw-text-large XcVN5d tw-ta\" dir=\"ltr\" data-placeholder=\"Tradu\u00e7\u00e3o\"><strong><span class=\"Y2IQFc\" lang=\"fr\" style=\"color: #333333;\">Pr\u00e9sentation: <\/span><\/strong><\/p>\n<p class=\"tw-data-text tw-text-large XcVN5d tw-ta\" dir=\"ltr\" data-placeholder=\"Tradu\u00e7\u00e3o\"><span class=\"Y2IQFc\" lang=\"fr\" style=\"color: #333333;\">Bo\u00eete de 30 g\u00e9lules.<\/span><\/p>\n<p>[\/vc_column_text][\/vc_column][\/vc_row][vc_row css_animation=\u00a0\u00bb\u00a0\u00bb row_type=\u00a0\u00bbrow\u00a0\u00bb use_row_as_full_screen_section=\u00a0\u00bbno\u00a0\u00bb type=\u00a0\u00bbfull_width\u00a0\u00bb angled_section=\u00a0\u00bbno\u00a0\u00bb text_align=\u00a0\u00bbleft\u00a0\u00bb background_image_as_pattern=\u00a0\u00bbwithout_pattern\u00a0\u00bb][vc_column]<div class=\"qode-advanced-tabs qode-advanced-tabs qode-advanced-horizontal-tab clearfix qode-advanced-tab-without-icon qode-advanced-tabs-column-2 clearfix\">\n\t<ul class=\"qode-advanced-tabs-nav\">\n\t\t\t\t\t<li>\n\t\t\t\t<h6>\n\t\t\t\t\t<a href=\"#tab-ingredients\">\n\t\t\t\t\t\t\n\t\t\t\t\t\t\t\t\t\t\t\t\t<span class=\"qode-advanced-tab-text-after-icon\">\n\t\t\t\t\t\t\t\tIngr\u00e9dients:\t\t\t\t\t\t\t<\/span>\n\t\t\t\t\t\t\t\t\t\t\t<\/a>\n\t\t\t\t<\/h6>\n\t\t\t<\/li>\n\t\t\t\t\t<li>\n\t\t\t\t<h6>\n\t\t\t\t\t<a href=\"#tab-conseils-dutilisation\">\n\t\t\t\t\t\t\n\t\t\t\t\t\t\t\t\t\t\t\t\t<span class=\"qode-advanced-tab-text-after-icon\">\n\t\t\t\t\t\t\t\tConseils d&#039;utilisation\t\t\t\t\t\t\t<\/span>\n\t\t\t\t\t\t\t\t\t\t\t<\/a>\n\t\t\t\t<\/h6>\n\t\t\t<\/li>\n\t\t\t<\/ul>\n\t<div class=\"qode-advanced-tab-container\" id=\"tab-ingredients-351\" data-icon-pack=\"\" data-icon-html=\"\">[vc_column_text]<\/p>\n<div id=\"KnM9nf\">\n<p id=\"tw-smenu\" class=\"tw-menu\"><em>Cannabis sativa<\/em> (Huile de graines) 150,00 mg<\/p>\n<p class=\"tw-menu\">Extrait sec concentr\u00e9 d&rsquo;artichaut 150,00 mg (\u00c9quiv. plante) (750 mg) E<\/p>\n<p class=\"tw-menu\">xtrait sec concentr\u00e9 de <em>Laminaria japonica<\/em>, Kelp 50,0 mg (\u00c9quiv. plante) (200,0 mg)<\/p>\n<p class=\"tw-menu\">Extrait sec concentr\u00e9 de <em>Fucus vesiculosus<\/em>, Varech 40,0 mg (\u00c9quiv. plante) (160,0 mg)<\/p>\n<p class=\"tw-menu\">Extrait sec concentr\u00e9 de <em>Garcinia cambodgia<\/em> 33,3 mg (\u00c9quiv. plante) (200,0 mg)<\/p>\n<p class=\"tw-menu\">Extrait sec concentr\u00e9 de <em>Paullinia cupana<\/em>, Guarana 15,0 mg (\u00c9quiv. plante) (30,0-60,0 mg)<\/p>\n<p class=\"tw-menu\">Choline 4,44 mg<\/p>\n<p class=\"tw-menu\">Vitamine B1 0,55 mg 50% VRN<\/p>\n<p class=\"tw-menu\">Chrome 20 g 50% VRN<\/p>\n<\/div>\n<p>[\/vc_column_text]<\/div><div class=\"qode-advanced-tab-container\" id=\"tab-conseils-dutilisation-138\" data-icon-pack=\"\" data-icon-html=\"\">[vc_column_text]<\/p>\n<p id=\"tw-target-text\" class=\"tw-data-text tw-text-large XcVN5d tw-ta\" dir=\"ltr\" data-placeholder=\"Tradu\u00e7\u00e3o\"><span class=\"Y2IQFc\" lang=\"fr\" style=\"color: #333333;\">1 capsule par jour, 10-15 minutes avant le repas principal (d\u00e9jeuner).<\/span><\/p>\n<p>[\/vc_column_text]<\/div><\/div>[\/vc_column][\/vc_row][vc_row css_animation=\u00a0\u00bb\u00a0\u00bb row_type=\u00a0\u00bbrow\u00a0\u00bb use_row_as_full_screen_section=\u00a0\u00bbno\u00a0\u00bb type=\u00a0\u00bbfull_width\u00a0\u00bb angled_section=\u00a0\u00bbno\u00a0\u00bb text_align=\u00a0\u00bbleft\u00a0\u00bb background_image_as_pattern=\u00a0\u00bbwithout_pattern\u00a0\u00bb css=\u00a0\u00bb.vc_custom_1519906604451{margin-top: 50px !important;margin-bottom: 50px !important;}\u00a0\u00bb z_index=\u00a0\u00bb\u00a0\u00bb][vc_column][vc_column_text]<\/p>\n<p>Se tiver qualquer d\u00favida n\u00e3o hesite em nos contactar<br \/>\n[\/vc_column_text][\/vc_column][\/vc_row][vc_row css_animation=\u00a0\u00bb\u00a0\u00bb row_type=\u00a0\u00bbrow\u00a0\u00bb use_row_as_full_screen_section=\u00a0\u00bbno\u00a0\u00bb type=\u00a0\u00bbfull_width\u00a0\u00bb angled_section=\u00a0\u00bbno\u00a0\u00bb text_align=\u00a0\u00bbleft\u00a0\u00bb background_image_as_pattern=\u00a0\u00bbwithout_pattern\u00a0\u00bb][vc_column width=\u00a0\u00bb1\/3&Prime;][vc_column_text]<\/p>\n<p>MORADA<br \/>\n[\/vc_column_text][vc_separator type=\u00a0\u00bbtransparent\u00a0\u00bb up=\u00a0\u00bb6&Prime; down=\u00a0\u00bb6&Prime;][vc_column_text]Rua C do N\u00facleo Empresarial N\u00ba 61 \u2013 Quinta dos Estrangeiros<\/p>\n<p>2665-601 Venda-do-Pinheiro<\/p>\n<p>Email: comercial@phytogold.pt<\/p>\n<p>[\/vc_column_text][vc_separator type=\u00a0\u00bbtransparent\u00a0\u00bb up=\u00a0\u00bb6&Prime; down=\u00a0\u00bb6&Prime;]<span class='q_social_icon_holder normal_social' ><a itemprop='url' href='https:\/\/www.facebook.com\/' target='_blank'><i class=\"qode_icon_font_awesome fa fa-facebook fa-lg simple_social\" style=\"margin: 0 13px 0 0;\" ><\/i><\/a><\/span><span class='q_social_icon_holder normal_social' ><a itemprop='url' href='http:\/\/instagram.com' target='_blank'><i class=\"qode_icon_font_awesome fa fa-instagram fa-lg simple_social\" style=\"margin: 0 13px 0 0;\" ><\/i><\/a><\/span>[\/vc_column][vc_column width=\u00a0\u00bb2\/3&Prime;]<div role=\"form\" class=\"wpcf7\" id=\"wpcf7-f16583-o3\" lang=\"en-US\" dir=\"ltr\">\n<div class=\"screen-reader-response\"><\/div>\n<form action=\"\/fr\/wp-json\/wp\/v2\/pages\/17757#wpcf7-f16583-o3\" method=\"post\" class=\"wpcf7-form cf7_custom_style_3\" novalidate=\"novalidate\">\n<div style=\"display: none;\">\n<input type=\"hidden\" name=\"_wpcf7\" value=\"16583\" \/>\n<input type=\"hidden\" name=\"_wpcf7_version\" value=\"5.0.5\" \/>\n<input type=\"hidden\" name=\"_wpcf7_locale\" value=\"en_US\" \/>\n<input type=\"hidden\" name=\"_wpcf7_unit_tag\" value=\"wpcf7-f16583-o3\" \/>\n<input type=\"hidden\" name=\"_wpcf7_container_post\" value=\"0\" \/>\n<\/div>\n<div class=\"three_columns clearfix\">\n<div class=\"column1\">\n<div class=\"column_inner\"><span class=\"wpcf7-form-control-wrap first-name\"><input type=\"text\" name=\"first-name\" value=\"\" size=\"40\" class=\"wpcf7-form-control wpcf7-text wpcf7-validates-as-required\" aria-required=\"true\" aria-invalid=\"false\" placeholder=\"First Name*\" \/><\/span><\/div>\n<\/div>\n<div class=\"column2\">\n<div class=\"column_inner\"><span class=\"wpcf7-form-control-wrap last-name\"><input type=\"text\" name=\"last-name\" value=\"\" size=\"40\" class=\"wpcf7-form-control wpcf7-text wpcf7-validates-as-required\" aria-required=\"true\" aria-invalid=\"false\" placeholder=\"Last Name*\" \/><\/span><\/div>\n<\/div>\n<div class=\"column3\">\n<div class=\"column_inner\"><span class=\"wpcf7-form-control-wrap email\"><input type=\"email\" name=\"email\" value=\"\" size=\"40\" maxlength=\"100\" class=\"wpcf7-form-control wpcf7-text wpcf7-email wpcf7-validates-as-required wpcf7-validates-as-email\" aria-required=\"true\" aria-invalid=\"false\" placeholder=\"Email*\" \/><\/span><\/div>\n<\/div>\n<\/div>\n<p><span class=\"wpcf7-form-control-wrap message\"><textarea name=\"message\" cols=\"40\" rows=\"10\" class=\"wpcf7-form-control wpcf7-textarea wpcf7-validates-as-required\" aria-required=\"true\" aria-invalid=\"false\" placeholder=\"Message*\"><\/textarea><\/span><\/p>\n<p><input type=\"submit\" value=\"CONTACT US\" class=\"wpcf7-form-control wpcf7-submit\" \/><\/p>\n<div class=\"wpcf7-response-output wpcf7-display-none\"><\/div><\/form><\/div>[\/vc_column][\/vc_row]<\/p>","protected":false},"excerpt":{"rendered":"<p>[vc_row css_animation=\u00a0\u00bb\u00a0\u00bb row_type=\u00a0\u00bbrow\u00a0\u00bb use_row_as_full_screen_section=\u00a0\u00bbno\u00a0\u00bb type=\u00a0\u00bbfull_width\u00a0\u00bb angled_section=\u00a0\u00bbno\u00a0\u00bb text_align=\u00a0\u00bbleft\u00a0\u00bb background_image_as_pattern=\u00a0\u00bbwithout_pattern\u00a0\u00bb][vc_column width=\u00a0\u00bb1\/4&Prime;][vc_single_image image=\u00a0\u00bb17759&Prime; img_size=\u00a0\u00bbfull\u00a0\u00bb qode_css_animation=\u00a0\u00bb\u00a0\u00bb][\/vc_column][vc_column width=\u00a0\u00bb3\/4&Prime;][vc_column_text] CANNABIS 2 Formule+Fucus [\/vc_column_text][vc_empty_space height=\u00a0\u00bb30px\u00a0\u00bb][vc_column_text] Pr\u00e9sentation: Bo\u00eete de 30 g\u00e9lules. [\/vc_column_text][\/vc_column][\/vc_row][vc_row css_animation=\u00a0\u00bb\u00a0\u00bb row_type=\u00a0\u00bbrow\u00a0\u00bb use_row_as_full_screen_section=\u00a0\u00bbno\u00a0\u00bb type=\u00a0\u00bbfull_width\u00a0\u00bb angled_section=\u00a0\u00bbno\u00a0\u00bb text_align=\u00a0\u00bbleft\u00a0\u00bb background_image_as_pattern=\u00a0\u00bbwithout_pattern\u00a0\u00bb][vc_column][\/vc_column][\/vc_row][vc_row css_animation=\u00a0\u00bb\u00a0\u00bb row_type=\u00a0\u00bbrow\u00a0\u00bb use_row_as_full_screen_section=\u00a0\u00bbno\u00a0\u00bb type=\u00a0\u00bbfull_width\u00a0\u00bb angled_section=\u00a0\u00bbno\u00a0\u00bb text_align=\u00a0\u00bbleft\u00a0\u00bb background_image_as_pattern=\u00a0\u00bbwithout_pattern\u00a0\u00bb css=\u00a0\u00bb.vc_custom_1519906604451{margin-top: 50px !important;margin-bottom: 50px !important;}\u00a0\u00bb z_index=\u00a0\u00bb\u00a0\u00bb][vc_column][vc_column_text] Se&#8230;<\/p>\n","protected":false},"author":2,"featured_media":0,"parent":16962,"menu_order":0,"comment_status":"closed","ping_status":"closed","template":"","meta":[],"_links":{"self":[{"href":"https:\/\/phytogold.pt\/fr\/wp-json\/wp\/v2\/pages\/17757"}],"collection":[{"href":"https:\/\/phytogold.pt\/fr\/wp-json\/wp\/v2\/pages"}],"about":[{"href":"https:\/\/phytogold.pt\/fr\/wp-json\/wp\/v2\/types\/page"}],"author":[{"embeddable":true,"href":"https:\/\/phytogold.pt\/fr\/wp-json\/wp\/v2\/users\/2"}],"replies":[{"embeddable":true,"href":"https:\/\/phytogold.pt\/fr\/wp-json\/wp\/v2\/comments?post=17757"}],"version-history":[{"count":6,"href":"https:\/\/phytogold.pt\/fr\/wp-json\/wp\/v2\/pages\/17757\/revisions"}],"predecessor-version":[{"id":18492,"href":"https:\/\/phytogold.pt\/fr\/wp-json\/wp\/v2\/pages\/17757\/revisions\/18492"}],"up":[{"embeddable":true,"href":"https:\/\/phytogold.pt\/fr\/wp-json\/wp\/v2\/pages\/16962"}],"wp:attachment":[{"href":"https:\/\/phytogold.pt\/fr\/wp-json\/wp\/v2\/media?parent=17757"}],"curies":[{"name":"wp","href":"https:\/\/api.w.org\/{rel}","templated":true}]}}