{"id":17520,"date":"2018-11-22T14:10:38","date_gmt":"2018-11-22T14:10:38","guid":{"rendered":"http:\/\/phytogold.pt\/?page_id=17520"},"modified":"2020-09-04T15:41:22","modified_gmt":"2020-09-04T15:41:22","slug":"ansiotina-extra-forte","status":"publish","type":"page","link":"https:\/\/phytogold.pt\/fr\/memoria-depressao-ansiedade-sono\/ansiotina-extra-forte\/","title":{"rendered":"Ansiotina Extra Fort"},"content":{"rendered":"<p>[vc_row css_animation=\u00a0\u00bb\u00a0\u00bb row_type=\u00a0\u00bbrow\u00a0\u00bb use_row_as_full_screen_section=\u00a0\u00bbno\u00a0\u00bb type=\u00a0\u00bbfull_width\u00a0\u00bb angled_section=\u00a0\u00bbno\u00a0\u00bb text_align=\u00a0\u00bbleft\u00a0\u00bb background_image_as_pattern=\u00a0\u00bbwithout_pattern\u00a0\u00bb][vc_column width=\u00a0\u00bb1\/4&Prime;][vc_single_image image=\u00a0\u00bb17514&Prime; img_size=\u00a0\u00bbfull\u00a0\u00bb qode_css_animation=\u00a0\u00bb\u00a0\u00bb][\/vc_column][vc_column width=\u00a0\u00bb3\/4&Prime;][vc_column_text]<\/p>\n<h1>Ansiotina Extra Fort<\/h1>\n<p>[\/vc_column_text][vc_empty_space height=\u00a0\u00bb30px\u00a0\u00bb][vc_column_text]<\/p>\n<p>&nbsp;<\/p>\n<p><span style=\"color: #333333;\"><strong>Pr\u00e9sentation:<\/strong> 40 ampoules.<\/span><\/p>\n<p>[\/vc_column_text][\/vc_column][\/vc_row][vc_row css_animation=\u00a0\u00bb\u00a0\u00bb row_type=\u00a0\u00bbrow\u00a0\u00bb use_row_as_full_screen_section=\u00a0\u00bbno\u00a0\u00bb type=\u00a0\u00bbfull_width\u00a0\u00bb angled_section=\u00a0\u00bbno\u00a0\u00bb text_align=\u00a0\u00bbleft\u00a0\u00bb background_image_as_pattern=\u00a0\u00bbwithout_pattern\u00a0\u00bb][vc_column]<div class=\"qode-advanced-tabs qode-advanced-tabs qode-advanced-horizontal-tab clearfix qode-advanced-tab-without-icon qode-advanced-tabs-column-2 clearfix\">\n\t<ul class=\"qode-advanced-tabs-nav\">\n\t\t\t\t\t<li>\n\t\t\t\t<h6>\n\t\t\t\t\t<a href=\"#tab-ingredients\">\n\t\t\t\t\t\t\n\t\t\t\t\t\t\t\t\t\t\t\t\t<span class=\"qode-advanced-tab-text-after-icon\">\n\t\t\t\t\t\t\t\tINGR\u00c9DIENTS\t\t\t\t\t\t\t<\/span>\n\t\t\t\t\t\t\t\t\t\t\t<\/a>\n\t\t\t\t<\/h6>\n\t\t\t<\/li>\n\t\t\t\t\t<li>\n\t\t\t\t<h6>\n\t\t\t\t\t<a href=\"#tab-conseils-dutilisation\">\n\t\t\t\t\t\t\n\t\t\t\t\t\t\t\t\t\t\t\t\t<span class=\"qode-advanced-tab-text-after-icon\">\n\t\t\t\t\t\t\t\tConseils d&#039;utilisation\t\t\t\t\t\t\t<\/span>\n\t\t\t\t\t\t\t\t\t\t\t<\/a>\n\t\t\t\t<\/h6>\n\t\t\t<\/li>\n\t\t\t<\/ul>\n\t<div class=\"qode-advanced-tab-container\" id=\"tab-ingredients-614\" data-icon-pack=\"\" data-icon-html=\"\">[vc_column_text]<span style=\"color: #333333;\"><strong>Composition par 2 ampoules:<\/strong><\/span><\/p>\n<p><span style=\"color: #333333;\">L-Arginine 1000 mg.<\/span><\/p>\n<p><span style=\"color: #333333;\">Extrait sec de Bacopa monnieri, Bacopa 1000 mg (Bac\u00f3sidos 20 mg).<\/span><\/p>\n<p><span style=\"color: #333333;\">Extrait sec de Panax ginseng C. A., Panax 1000 mg (Ginsenodes 20 mg).<\/span><\/p>\n<p><span style=\"color: #333333;\">Acide glutamique 400 mg.<\/span><\/p>\n<p><span style=\"color: #333333;\">Extrait sec de Ginkgo Biloba, Ginkgo 200 mg (Glucolyse Flavonoics 1,58 mg et Lactonas Terp\u00e9nicas 0,38 mg).<\/span><\/p>\n<p><span style=\"color: #333333;\">L-Lysine 303 mg.<\/span><\/p>\n<p><span style=\"color: #333333;\">Inositol 200 mg.<\/span><\/p>\n<p><span style=\"color: #333333;\">Choline 150 mg.<\/span><\/p>\n<p><span style=\"color: #333333;\">Arginine aspartate 100 mg.<\/span><\/p>\n<p><span style=\"color: #333333;\">Ac\u00e9tyl L-carnitine 50 mg.<\/span><\/p>\n<p><span style=\"color: #333333;\">L-Glutamine 30 mg.<\/span><\/p>\n<p><span style=\"color: #333333;\">Extrait sec de Rosmarinus officinalis, Romarin 2,86 mg (Rosmaronic 0,16 mg).<\/span><\/p>\n<p><span style=\"color: #333333;\">Vitamine B6 2,8 mg. Vitamine B2 2,8 mg. Vitamine B1 2,8 mg.<\/span>[\/vc_column_text]<\/div><div class=\"qode-advanced-tab-container\" id=\"tab-conseils-dutilisation-828\" data-icon-pack=\"\" data-icon-html=\"\">[vc_column_text]<span style=\"color: #333333;\"><strong>Mode de prise :<\/strong> Dans les 10 \u00e0 20 premiers jours, il est recommand\u00e9 de 2 ampoules par jour, de pr\u00e9f\u00e9rence avant le petit d\u00e9jeuner et le d\u00e9jeuner.<\/span><\/p>\n<p><span style=\"color: #333333;\">Apr\u00e8s cette p\u00e9riode, il est recommand\u00e9 de prendre seulement 1 ampoule par jour, de pr\u00e9f\u00e9rence avant le petit d\u00e9jeuner.<\/span>[\/vc_column_text]<\/div><\/div>[\/vc_column][\/vc_row][vc_row css_animation=\u00a0\u00bb\u00a0\u00bb row_type=\u00a0\u00bbrow\u00a0\u00bb use_row_as_full_screen_section=\u00a0\u00bbno\u00a0\u00bb type=\u00a0\u00bbfull_width\u00a0\u00bb angled_section=\u00a0\u00bbno\u00a0\u00bb text_align=\u00a0\u00bbleft\u00a0\u00bb background_image_as_pattern=\u00a0\u00bbwithout_pattern\u00a0\u00bb css=\u00a0\u00bb.vc_custom_1519906604451{margin-top: 50px !important;margin-bottom: 50px !important;}\u00a0\u00bb z_index=\u00a0\u00bb\u00a0\u00bb][vc_column][vc_column_text]<\/p>\n<p>Se tiver qualquer d\u00favida n\u00e3o hesite em nos contactar<br \/>\n[\/vc_column_text][\/vc_column][\/vc_row][vc_column width=\u00a0\u00bb1\/3&Prime;][\/vc_column][vc_column width=\u00a0\u00bb2\/3&Prime;][\/vc_column]<\/p>","protected":false},"excerpt":{"rendered":"<p>[vc_row css_animation=\u00a0\u00bb\u00a0\u00bb row_type=\u00a0\u00bbrow\u00a0\u00bb use_row_as_full_screen_section=\u00a0\u00bbno\u00a0\u00bb type=\u00a0\u00bbfull_width\u00a0\u00bb angled_section=\u00a0\u00bbno\u00a0\u00bb text_align=\u00a0\u00bbleft\u00a0\u00bb background_image_as_pattern=\u00a0\u00bbwithout_pattern\u00a0\u00bb][vc_column width=\u00a0\u00bb1\/4&Prime;][vc_single_image image=\u00a0\u00bb17514&Prime; img_size=\u00a0\u00bbfull\u00a0\u00bb qode_css_animation=\u00a0\u00bb\u00a0\u00bb][\/vc_column][vc_column width=\u00a0\u00bb3\/4&Prime;][vc_column_text] Ansiotina Extra Fort [\/vc_column_text][vc_empty_space height=\u00a0\u00bb30px\u00a0\u00bb][vc_column_text] &nbsp; Pr\u00e9sentation: 40 ampoules. [\/vc_column_text][\/vc_column][\/vc_row][vc_row css_animation=\u00a0\u00bb\u00a0\u00bb row_type=\u00a0\u00bbrow\u00a0\u00bb use_row_as_full_screen_section=\u00a0\u00bbno\u00a0\u00bb type=\u00a0\u00bbfull_width\u00a0\u00bb angled_section=\u00a0\u00bbno\u00a0\u00bb text_align=\u00a0\u00bbleft\u00a0\u00bb background_image_as_pattern=\u00a0\u00bbwithout_pattern\u00a0\u00bb][vc_column][\/vc_column][\/vc_row][vc_row css_animation=\u00a0\u00bb\u00a0\u00bb row_type=\u00a0\u00bbrow\u00a0\u00bb use_row_as_full_screen_section=\u00a0\u00bbno\u00a0\u00bb type=\u00a0\u00bbfull_width\u00a0\u00bb angled_section=\u00a0\u00bbno\u00a0\u00bb text_align=\u00a0\u00bbleft\u00a0\u00bb background_image_as_pattern=\u00a0\u00bbwithout_pattern\u00a0\u00bb css=\u00a0\u00bb.vc_custom_1519906604451{margin-top: 50px !important;margin-bottom: 50px !important;}\u00a0\u00bb z_index=\u00a0\u00bb\u00a0\u00bb][vc_column][vc_column_text] Se tiver&#8230;<\/p>\n","protected":false},"author":2,"featured_media":0,"parent":16759,"menu_order":0,"comment_status":"closed","ping_status":"closed","template":"","meta":[],"_links":{"self":[{"href":"https:\/\/phytogold.pt\/fr\/wp-json\/wp\/v2\/pages\/17520"}],"collection":[{"href":"https:\/\/phytogold.pt\/fr\/wp-json\/wp\/v2\/pages"}],"about":[{"href":"https:\/\/phytogold.pt\/fr\/wp-json\/wp\/v2\/types\/page"}],"author":[{"embeddable":true,"href":"https:\/\/phytogold.pt\/fr\/wp-json\/wp\/v2\/users\/2"}],"replies":[{"embeddable":true,"href":"https:\/\/phytogold.pt\/fr\/wp-json\/wp\/v2\/comments?post=17520"}],"version-history":[{"count":11,"href":"https:\/\/phytogold.pt\/fr\/wp-json\/wp\/v2\/pages\/17520\/revisions"}],"predecessor-version":[{"id":17994,"href":"https:\/\/phytogold.pt\/fr\/wp-json\/wp\/v2\/pages\/17520\/revisions\/17994"}],"up":[{"embeddable":true,"href":"https:\/\/phytogold.pt\/fr\/wp-json\/wp\/v2\/pages\/16759"}],"wp:attachment":[{"href":"https:\/\/phytogold.pt\/fr\/wp-json\/wp\/v2\/media?parent=17520"}],"curies":[{"name":"wp","href":"https:\/\/api.w.org\/{rel}","templated":true}]}}