{"id":16904,"date":"2018-04-13T13:31:01","date_gmt":"2018-04-13T13:31:01","guid":{"rendered":"https:\/\/phytogold.pt\/?page_id=16904"},"modified":"2018-04-26T18:21:32","modified_gmt":"2018-04-26T18:21:32","slug":"os-suplementos-alimentares-sao-seguros-e-fiscalizados","status":"publish","type":"page","link":"https:\/\/phytogold.pt\/fr\/os-suplementos-alimentares-sao-seguros-e-fiscalizados\/","title":{"rendered":"OS SUPLEMENTOS ALIMENTARES S\u00c3O SEGUROS E FISCALIZADOS?"},"content":{"rendered":"<p>[vc_row css_animation=\u00a0\u00bb\u00a0\u00bb row_type=\u00a0\u00bbrow\u00a0\u00bb use_row_as_full_screen_section=\u00a0\u00bbno\u00a0\u00bb type=\u00a0\u00bbgrid\u00a0\u00bb anchor=\u00a0\u00bbportfolio\u00a0\u00bb angled_section=\u00a0\u00bbno\u00a0\u00bb text_align=\u00a0\u00bbleft\u00a0\u00bb background_image_as_pattern=\u00a0\u00bbwithout_pattern\u00a0\u00bb background_color=\u00a0\u00bb#ffffff\u00a0\u00bb border_color=\u00a0\u00bb#efefef\u00a0\u00bb padding_top=\u00a0\u00bb70&Prime; padding_bottom=\u00a0\u00bb0&Prime;][vc_column][vc_separator type=\u00a0\u00bbtransparent\u00a0\u00bb up=\u00a0\u00bb10&Prime; down=\u00a0\u00bb0&Prime;][vc_column_text]<\/p>\n<h2 style=\"text-align: center;\">OS SUPLEMENTOS ALIMENTARES S\u00c3O SEGUROS E FISCALIZADOS?<\/h2>\n<p>[\/vc_column_text][vc_separator type=\u00a0\u00bbtransparent\u00a0\u00bb up=\u00a0\u00bb30&Prime; down=\u00a0\u00bb30&Prime;][vc_row_inner row_type=\u00a0\u00bbrow\u00a0\u00bb type=\u00a0\u00bbfull_width\u00a0\u00bb text_align=\u00a0\u00bbleft\u00a0\u00bb css_animation=\u00a0\u00bb\u00a0\u00bb css=\u00a0\u00bb.vc_custom_1520858332677{padding-bottom: 30px !important;}\u00a0\u00bb][vc_column_inner][vc_column_text]Todas as subst\u00e2ncias utilizadas nos suplementos alimentares s\u00e3o estudadas pela EFSA (EuropeanFoodSafetyAuthority ) &#8211; Autoridade Europeia para a Seguran\u00e7a dos Alimentos.<\/p>\n<p>O objetivo primordial \u00e9 a prote\u00e7\u00e3o da sa\u00fade p\u00fablica e o refor\u00e7o da confian\u00e7a dos consumidores na cadeia alimentar europeia. A EFSA preocupa-se com a seguran\u00e7a de todos os g\u00e9neros aliment\u00edcios, onde se incluem os suplementos alimentares.<\/p>\n<p>Contribui para a seguran\u00e7a da cadeia alimentar da UE, fornecendo aconselhamento cient\u00edfico, comunicando e estudando os riscos para o p\u00fablico e cooperando com os Estados-Membros e outras partes para oferecer um sistema coerente e confi\u00e1vel de seguran\u00e7a alimentar na UE. Atrav\u00e9s da utiliza\u00e7\u00e3o de todo o potencial de conhecimento cient\u00edfico de toda a Europa, a EFSA consegue reunir um vasto conhecimento que abrange a totalidade da cadeia alimentar. A EFSA verifica tamb\u00e9m a fundamenta\u00e7\u00e3o cient\u00edfica para as declara\u00e7\u00f5es nutricionais, que podem afirmar ou sugerir que um alimento possui propriedades nutricionais ben\u00e9ficas particulares (exemplos: \u201cbaixa gordura\u201d, \u201cfonte de \u00e1cidos gordos \u00f3mega-3\u201d ou \u201calta em fibra\u201d). O trabalho da EFSA inclui o aconselhamento cient\u00edfico sobre alega\u00e7\u00f5es de sa\u00fade em alimentos, estando nestas inclu\u00eddas as alega\u00e7\u00f5es de sa\u00fade aplic\u00e1veis aos g\u00e9neros aliment\u00edcios que se apresentam sob a forma de suplementos alimentares.<\/p>\n<p>Em PORTUGAL \u00e9 a Dire\u00e7\u00e3o Geral de Alimenta\u00e7\u00e3o e Veterin\u00e1ria(DGAV) que tutela os suplementos alimentares e coordena um PCSA &#8211; Plano de Controlo de suplementos alimentares, tendo a ASAE fun\u00e7\u00f5es de fiscaliza\u00e7\u00e3o da seguran\u00e7a dos g\u00e9neros aliment\u00edcios.<\/p>\n<p>\u00c9 proibida a comercializa\u00e7\u00e3o de um suplemento alimentar que n\u00e3o cumpra o disposto na lei, ou seja, a autoridade competente pode exigir, a todo o tempo, ao fabricante ou ao importador a apresenta\u00e7\u00e3o de trabalhos cient\u00edficos e de dados que comprovem a conformidade do produto com as regras estabelecidas. Quando assim n\u00e3o acontece, a Autoridade manda retirar do mercado.[\/vc_column_text][\/vc_column_inner][\/vc_row_inner][\/vc_column][\/vc_row][vc_row css_animation=\u00a0\u00bb\u00a0\u00bb row_type=\u00a0\u00bbrow\u00a0\u00bb use_row_as_full_screen_section=\u00a0\u00bbno\u00a0\u00bb type=\u00a0\u00bbgrid\u00a0\u00bb angled_section=\u00a0\u00bbno\u00a0\u00bb text_align=\u00a0\u00bbleft\u00a0\u00bb background_image=\u00a0\u00bb16526&Prime; background_image_as_pattern=\u00a0\u00bbwithout_pattern\u00a0\u00bb z_index=\u00a0\u00bb\u00a0\u00bb][vc_column][vc_row_inner row_type=\u00a0\u00bbrow\u00a0\u00bb type=\u00a0\u00bbfull_width\u00a0\u00bb text_align=\u00a0\u00bbcenter\u00a0\u00bb css_animation=\u00a0\u00bb\u00a0\u00bb padding=\u00a0\u00bb5&Prime;][vc_column_inner width=\u00a0\u00bb3\/4&Prime;][vc_separator type=\u00a0\u00bbtransparent\u00a0\u00bb up=\u00a0\u00bb46&Prime; down=\u00a0\u00bb0&Prime;][vc_column_text]<\/p>\n<h4><span style=\"color: #ffffff;\">Se um ingrediente \u00e9 bom e est\u00e1 na moda PhytoGOLD tem!<\/span><\/h4>\n<p>[\/vc_column_text][\/vc_column_inner][vc_column_inner width=\u00a0\u00bb1\/4&Prime;][vc_separator type=\u00a0\u00bbtransparent\u00a0\u00bb up=\u00a0\u00bb38&Prime; down=\u00a0\u00bb0&Prime;]<a  itemprop=\"url\" href=\"#\" target=\"_self\" data-hover-background-color=#f9f9f9 data-hover-border-color=#f9f9f9 data-hover-color=#000000 class=\"qbutton  default\" style=\"color: #000000; border-color: #ffffff; background-color: #ffffff;\">Contate-nos<\/a>[vc_separator type=\u00a0\u00bbtransparent\u00a0\u00bb up=\u00a0\u00bb42&Prime; down=\u00a0\u00bb0&Prime;][\/vc_column_inner][\/vc_row_inner][\/vc_column][\/vc_row]<\/p>\n","protected":false},"excerpt":{"rendered":"<p>[vc_row css_animation=\u00a0\u00bb\u00a0\u00bb row_type=\u00a0\u00bbrow\u00a0\u00bb use_row_as_full_screen_section=\u00a0\u00bbno\u00a0\u00bb type=\u00a0\u00bbgrid\u00a0\u00bb anchor=\u00a0\u00bbportfolio\u00a0\u00bb angled_section=\u00a0\u00bbno\u00a0\u00bb text_align=\u00a0\u00bbleft\u00a0\u00bb background_image_as_pattern=\u00a0\u00bbwithout_pattern\u00a0\u00bb background_color=\u00a0\u00bb#ffffff\u00a0\u00bb border_color=\u00a0\u00bb#efefef\u00a0\u00bb padding_top=\u00a0\u00bb70&Prime; padding_bottom=\u00a0\u00bb0&Prime;][vc_column][vc_separator type=\u00a0\u00bbtransparent\u00a0\u00bb up=\u00a0\u00bb10&Prime; down=\u00a0\u00bb0&Prime;][vc_column_text] OS SUPLEMENTOS ALIMENTARES S\u00c3O SEGUROS E FISCALIZADOS? [\/vc_column_text][vc_separator type=\u00a0\u00bbtransparent\u00a0\u00bb up=\u00a0\u00bb30&Prime; down=\u00a0\u00bb30&Prime;][vc_row_inner row_type=\u00a0\u00bbrow\u00a0\u00bb type=\u00a0\u00bbfull_width\u00a0\u00bb text_align=\u00a0\u00bbleft\u00a0\u00bb css_animation=\u00a0\u00bb\u00a0\u00bb css=\u00a0\u00bb.vc_custom_1520858332677{padding-bottom: 30px !important;}\u00a0\u00bb][vc_column_inner][vc_column_text]Todas as subst\u00e2ncias utilizadas nos suplementos alimentares s\u00e3o estudadas pela EFSA (EuropeanFoodSafetyAuthority&#8230;<\/p>\n","protected":false},"author":1,"featured_media":0,"parent":0,"menu_order":0,"comment_status":"open","ping_status":"open","template":"full_width.php","meta":[],"_links":{"self":[{"href":"https:\/\/phytogold.pt\/fr\/wp-json\/wp\/v2\/pages\/16904"}],"collection":[{"href":"https:\/\/phytogold.pt\/fr\/wp-json\/wp\/v2\/pages"}],"about":[{"href":"https:\/\/phytogold.pt\/fr\/wp-json\/wp\/v2\/types\/page"}],"author":[{"embeddable":true,"href":"https:\/\/phytogold.pt\/fr\/wp-json\/wp\/v2\/users\/1"}],"replies":[{"embeddable":true,"href":"https:\/\/phytogold.pt\/fr\/wp-json\/wp\/v2\/comments?post=16904"}],"version-history":[{"count":0,"href":"https:\/\/phytogold.pt\/fr\/wp-json\/wp\/v2\/pages\/16904\/revisions"}],"wp:attachment":[{"href":"https:\/\/phytogold.pt\/fr\/wp-json\/wp\/v2\/media?parent=16904"}],"curies":[{"name":"wp","href":"https:\/\/api.w.org\/{rel}","templated":true}]}}