{"id":16894,"date":"2018-04-13T13:29:24","date_gmt":"2018-04-13T13:29:24","guid":{"rendered":"https:\/\/phytogold.pt\/?page_id=16894"},"modified":"2018-04-26T18:22:26","modified_gmt":"2018-04-26T18:22:26","slug":"o-que-e-um-suplemento-alimentar","status":"publish","type":"page","link":"https:\/\/phytogold.pt\/fr\/o-que-e-um-suplemento-alimentar\/","title":{"rendered":"O QUE \u00c9 UM SUPLEMENTO ALIMENTAR?"},"content":{"rendered":"<p>[vc_row css_animation=\u00a0\u00bb\u00a0\u00bb row_type=\u00a0\u00bbrow\u00a0\u00bb use_row_as_full_screen_section=\u00a0\u00bbno\u00a0\u00bb type=\u00a0\u00bbgrid\u00a0\u00bb anchor=\u00a0\u00bbportfolio\u00a0\u00bb angled_section=\u00a0\u00bbno\u00a0\u00bb text_align=\u00a0\u00bbleft\u00a0\u00bb background_image_as_pattern=\u00a0\u00bbwithout_pattern\u00a0\u00bb background_color=\u00a0\u00bb#ffffff\u00a0\u00bb border_color=\u00a0\u00bb#efefef\u00a0\u00bb padding_top=\u00a0\u00bb70&Prime; padding_bottom=\u00a0\u00bb0&Prime;][vc_column][vc_separator type=\u00a0\u00bbtransparent\u00a0\u00bb up=\u00a0\u00bb10&Prime; down=\u00a0\u00bb0&Prime;][vc_column_text]<\/p>\n<h2 style=\"text-align: center;\">O QUE \u00c9 UM SUPLEMENTO ALIMENTAR?<\/h2>\n<p>[\/vc_column_text][vc_separator type=\u00a0\u00bbtransparent\u00a0\u00bb up=\u00a0\u00bb30&Prime; down=\u00a0\u00bb30&Prime;][vc_row_inner row_type=\u00a0\u00bbrow\u00a0\u00bb type=\u00a0\u00bbfull_width\u00a0\u00bb text_align=\u00a0\u00bbleft\u00a0\u00bb css_animation=\u00a0\u00bb\u00a0\u00bb css=\u00a0\u00bb.vc_custom_1520858332677{padding-bottom: 30px !important;}\u00a0\u00bb][vc_column_inner][vc_column_text]Os suplementos alimentares s\u00e3o g\u00e9neros aliment\u00edcios, tal como definidos no Regulamento (CE) n.\u00ba 178\/2002 do Parlamento Europeu e do Conselho, de 28 de janeiro, devendo obedecer a todas as disposi\u00e7\u00f5es regulamentares horizontais dos alimentos, designadamente:<\/p>\n<ul>\n<li>Reg. (CE) n.\u00ba178\/2002 do Parlamento Europeu e do Conselho, de 28 de janeiro;<\/li>\n<li>Decreto-Lei n.\u00ba 560\/99, de 18 de Dezembro, relativo \u00e0 rotulagem geral dos alimentos e harmoniza a Diretiva 2000\/13\/CE do Parlamento Europeu e do Conselho, de 20 de mar\u00e7o;<\/li>\n<li>Reg. (CE) n.\u00ba 258\/97 do Parlamento Europeu e do Conselho, de 27 de janeiro, no que diz respeito a novos alimentos e novos ingredientes alimentares;<\/li>\n<li>Reg. (CE) n.\u00ba 1924\/2006, de 20 de dezembro, sobre alega\u00e7\u00f5es nutricionais e de sa\u00fade dos alimentos;<\/li>\n<li>Regulamenta\u00e7\u00e3o comunit\u00e1ria de aditivos alimentares, contaminantes e pesticidas, entre outros.<\/li>\n<\/ul>\n<p>O Decreto-Lei n\u00ba136\/2003 de 28 de junho define suplemento alimentar como um g\u00e9nero aliment\u00edcio que tem como fim complementar e\/ou suplementar o regime alimentar normal. Os suplementos alimentares constituem fontes concentradas de determinadas subst\u00e2ncias nutritivas ou outras com efeito nutricional ou fisiol\u00f3gico, singulares ou combinados, comercializados em forma doseada, tais como c\u00e1psulas, pastilhas, comprimidos, p\u00edlulas e outras formas semelhantes, saquetas de p\u00f3, ampolas de l\u00edquido, frascos com conta-gotas e outras formas similares de l\u00edquidos ou p\u00f3s que se destinam a ser tomados em unidades medidas de quantidade reduzida.<\/p>\n<p>Os ingredientes presentes nos suplementos alimentares s\u00e3o um leque bem variado, incluindo, entre outros, vitaminas, minerais, amino\u00e1cidos, \u00e1cidos gordos essenciais, fibras e v\u00e1rias plantas e extratos de ervas.[\/vc_column_text][\/vc_column_inner][\/vc_row_inner][\/vc_column][\/vc_row][vc_row css_animation=\u00a0\u00bb\u00a0\u00bb row_type=\u00a0\u00bbrow\u00a0\u00bb use_row_as_full_screen_section=\u00a0\u00bbno\u00a0\u00bb type=\u00a0\u00bbgrid\u00a0\u00bb angled_section=\u00a0\u00bbno\u00a0\u00bb text_align=\u00a0\u00bbleft\u00a0\u00bb background_image=\u00a0\u00bb16526&Prime; background_image_as_pattern=\u00a0\u00bbwithout_pattern\u00a0\u00bb z_index=\u00a0\u00bb\u00a0\u00bb][vc_column][vc_row_inner row_type=\u00a0\u00bbrow\u00a0\u00bb type=\u00a0\u00bbfull_width\u00a0\u00bb text_align=\u00a0\u00bbcenter\u00a0\u00bb css_animation=\u00a0\u00bb\u00a0\u00bb padding=\u00a0\u00bb5&Prime;][vc_column_inner width=\u00a0\u00bb3\/4&Prime;][vc_separator type=\u00a0\u00bbtransparent\u00a0\u00bb up=\u00a0\u00bb46&Prime; down=\u00a0\u00bb0&Prime;][vc_column_text]<\/p>\n<h4><span style=\"color: #ffffff;\">Se um ingrediente \u00e9 bom e est\u00e1 na moda PhytoGOLD tem!<\/span><\/h4>\n<p>[\/vc_column_text][\/vc_column_inner][vc_column_inner width=\u00a0\u00bb1\/4&Prime;][vc_separator type=\u00a0\u00bbtransparent\u00a0\u00bb up=\u00a0\u00bb38&Prime; down=\u00a0\u00bb0&Prime;]<a  itemprop=\"url\" href=\"#\" target=\"_self\" data-hover-background-color=#f9f9f9 data-hover-border-color=#f9f9f9 data-hover-color=#000000 class=\"qbutton  default\" style=\"color: #000000; border-color: #ffffff; background-color: #ffffff;\">Contate-nos<\/a>[vc_separator type=\u00a0\u00bbtransparent\u00a0\u00bb up=\u00a0\u00bb42&Prime; down=\u00a0\u00bb0&Prime;][\/vc_column_inner][\/vc_row_inner][\/vc_column][\/vc_row]<\/p>\n","protected":false},"excerpt":{"rendered":"<p>[vc_row css_animation=\u00a0\u00bb\u00a0\u00bb row_type=\u00a0\u00bbrow\u00a0\u00bb use_row_as_full_screen_section=\u00a0\u00bbno\u00a0\u00bb type=\u00a0\u00bbgrid\u00a0\u00bb anchor=\u00a0\u00bbportfolio\u00a0\u00bb angled_section=\u00a0\u00bbno\u00a0\u00bb text_align=\u00a0\u00bbleft\u00a0\u00bb background_image_as_pattern=\u00a0\u00bbwithout_pattern\u00a0\u00bb background_color=\u00a0\u00bb#ffffff\u00a0\u00bb border_color=\u00a0\u00bb#efefef\u00a0\u00bb padding_top=\u00a0\u00bb70&Prime; padding_bottom=\u00a0\u00bb0&Prime;][vc_column][vc_separator type=\u00a0\u00bbtransparent\u00a0\u00bb up=\u00a0\u00bb10&Prime; down=\u00a0\u00bb0&Prime;][vc_column_text] O QUE \u00c9 UM SUPLEMENTO ALIMENTAR? [\/vc_column_text][vc_separator type=\u00a0\u00bbtransparent\u00a0\u00bb up=\u00a0\u00bb30&Prime; down=\u00a0\u00bb30&Prime;][vc_row_inner row_type=\u00a0\u00bbrow\u00a0\u00bb type=\u00a0\u00bbfull_width\u00a0\u00bb text_align=\u00a0\u00bbleft\u00a0\u00bb css_animation=\u00a0\u00bb\u00a0\u00bb css=\u00a0\u00bb.vc_custom_1520858332677{padding-bottom: 30px !important;}\u00a0\u00bb][vc_column_inner][vc_column_text]Os suplementos alimentares s\u00e3o g\u00e9neros aliment\u00edcios, tal como definidos no Regulamento (CE) n.\u00ba&#8230;<\/p>\n","protected":false},"author":1,"featured_media":0,"parent":0,"menu_order":0,"comment_status":"open","ping_status":"open","template":"full_width.php","meta":[],"_links":{"self":[{"href":"https:\/\/phytogold.pt\/fr\/wp-json\/wp\/v2\/pages\/16894"}],"collection":[{"href":"https:\/\/phytogold.pt\/fr\/wp-json\/wp\/v2\/pages"}],"about":[{"href":"https:\/\/phytogold.pt\/fr\/wp-json\/wp\/v2\/types\/page"}],"author":[{"embeddable":true,"href":"https:\/\/phytogold.pt\/fr\/wp-json\/wp\/v2\/users\/1"}],"replies":[{"embeddable":true,"href":"https:\/\/phytogold.pt\/fr\/wp-json\/wp\/v2\/comments?post=16894"}],"version-history":[{"count":0,"href":"https:\/\/phytogold.pt\/fr\/wp-json\/wp\/v2\/pages\/16894\/revisions"}],"wp:attachment":[{"href":"https:\/\/phytogold.pt\/fr\/wp-json\/wp\/v2\/media?parent=16894"}],"curies":[{"name":"wp","href":"https:\/\/api.w.org\/{rel}","templated":true}]}}