{"id":14833,"date":"2018-03-01T11:59:27","date_gmt":"2018-03-01T11:59:27","guid":{"rendered":"http:\/\/demo.qodeinteractive.com\/bridge6\/?page_id=14833"},"modified":"2022-11-30T15:29:06","modified_gmt":"2022-11-30T15:29:06","slug":"product-test","status":"publish","type":"page","link":"https:\/\/phytogold.pt\/fr\/product-test\/","title":{"rendered":"Product test"},"content":{"rendered":"<p>[vc_row css_animation=\u00a0\u00bb\u00a0\u00bb row_type=\u00a0\u00bbrow\u00a0\u00bb use_row_as_full_screen_section=\u00a0\u00bbno\u00a0\u00bb type=\u00a0\u00bbfull_width\u00a0\u00bb angled_section=\u00a0\u00bbno\u00a0\u00bb text_align=\u00a0\u00bbleft\u00a0\u00bb background_image_as_pattern=\u00a0\u00bbwithout_pattern\u00a0\u00bb][vc_column width=\u00a0\u00bb1\/4&Prime;][vc_single_image image=\u00a0\u00bb16578&Prime; img_size=\u00a0\u00bbfull\u00a0\u00bb qode_css_animation=\u00a0\u00bb\u00a0\u00bb][\/vc_column][vc_column width=\u00a0\u00bb3\/4&Prime;][vc_column_text]<\/p>\n<h2>Caf\u00e9 Verde + Garcinia cambogia<\/h2>\n<p>[\/vc_column_text][vc_empty_space height=\u00a0\u00bb30px\u00a0\u00bb][vc_column_text]<\/p>\n<div id=\"menuprodutos\">\n<p>Caf\u00e9 Verde e Garcinia Cambogia tornaram-se populares mundialmente\u00a0quando Dr. Oz, que j\u00e1 \u00e9 chamado \u00ab\u00a0o Santo Graal da perda de peso\u00a0\u00bb, no seu popular <em>talk show<\/em> da TV anunciou estas duas subst\u00e2ncias para emagrecer, agora \u00e9 maior dieta do mundo e por boas raz\u00f5es.<\/p>\n<p><strong>Apresenta\u00e7\u00e3o:<\/strong><\/p>\n<p>Apresenta\u00e7\u00e3o: Extrato Hidrof\u00edlico 500ml.<\/p>\n<p>&nbsp;<\/p>\n<p>&nbsp;<\/p>\n<p>&nbsp;<\/p>\n<\/div>\n<p>[\/vc_column_text][\/vc_column][\/vc_row][vc_row css_animation=\u00a0\u00bb\u00a0\u00bb row_type=\u00a0\u00bbrow\u00a0\u00bb use_row_as_full_screen_section=\u00a0\u00bbno\u00a0\u00bb type=\u00a0\u00bbfull_width\u00a0\u00bb angled_section=\u00a0\u00bbno\u00a0\u00bb text_align=\u00a0\u00bbleft\u00a0\u00bb background_image_as_pattern=\u00a0\u00bbwithout_pattern\u00a0\u00bb][vc_column]<div class=\"qode-advanced-tabs qode-advanced-tabs qode-advanced-horizontal-tab clearfix qode-advanced-tab-without-icon qode-advanced-tabs-column-4 clearfix\">\n\t<ul class=\"qode-advanced-tabs-nav\">\n\t\t\t\t\t<li>\n\t\t\t\t<h6>\n\t\t\t\t\t<a href=\"#tab-ingredientes-por-toma-diaria\">\n\t\t\t\t\t\t\n\t\t\t\t\t\t\t\t\t\t\t\t\t<span class=\"qode-advanced-tab-text-after-icon\">\n\t\t\t\t\t\t\t\tIngredientes por toma di\u00e1ria\t\t\t\t\t\t\t<\/span>\n\t\t\t\t\t\t\t\t\t\t\t<\/a>\n\t\t\t\t<\/h6>\n\t\t\t<\/li>\n\t\t\t\t\t<li>\n\t\t\t\t<h6>\n\t\t\t\t\t<a href=\"#tab-modo-de-tomar\">\n\t\t\t\t\t\t\n\t\t\t\t\t\t\t\t\t\t\t\t\t<span class=\"qode-advanced-tab-text-after-icon\">\n\t\t\t\t\t\t\t\tModo de tomar\t\t\t\t\t\t\t<\/span>\n\t\t\t\t\t\t\t\t\t\t\t<\/a>\n\t\t\t\t<\/h6>\n\t\t\t<\/li>\n\t\t\t\t\t<li>\n\t\t\t\t<h6>\n\t\t\t\t\t<a href=\"#tab-contra-indicado\">\n\t\t\t\t\t\t\n\t\t\t\t\t\t\t\t\t\t\t\t\t<span class=\"qode-advanced-tab-text-after-icon\">\n\t\t\t\t\t\t\t\tContra-indicado\t\t\t\t\t\t\t<\/span>\n\t\t\t\t\t\t\t\t\t\t\t<\/a>\n\t\t\t\t<\/h6>\n\t\t\t<\/li>\n\t\t\t\t\t<li>\n\t\t\t\t<h6>\n\t\t\t\t\t<a href=\"#tab-acao-fisiologica-dos-seus-componentes\">\n\t\t\t\t\t\t\n\t\t\t\t\t\t\t\t\t\t\t\t\t<span class=\"qode-advanced-tab-text-after-icon\">\n\t\t\t\t\t\t\t\tA\u00e7\u00e3o fisiol\u00f3gica dos seus componentes\t\t\t\t\t\t\t<\/span>\n\t\t\t\t\t\t\t\t\t\t\t<\/a>\n\t\t\t\t<\/h6>\n\t\t\t<\/li>\n\t\t\t<\/ul>\n\t<div class=\"qode-advanced-tab-container\" id=\"tab-ingredientes-por-toma-diaria-790\" data-icon-pack=\"\" data-icon-html=\"\">[vc_column_text]Agente de Transporte: \u00e1gua purificada. Solvente: glicerina. Garcinia cambogia 1,25% (187,5mg). Citrus aurantium, Laranjeira 1,25% (187,5mg). L-carnitina 0,83%. Opuntia ficus-indica, Nopal 0,75% (112,5mg). Extrato Coffea arabica , Caf\u00e9 Verde (Teor m\u00ednimo de 45% \u00c1cido Clorog\u00e9nico) 0,67% (100mg). Extrato seco de Camellia sinensis , Ch\u00e1 Verde (Teor m\u00ednimo de 50% Polifen\u00f3is) 0,67% (100mg). Aroma. Vitamina PP \u2013 Niacina (Nicotinamida) 0,11% (Vitamina PP 16mg equivalente a 100% da DDR). Regulador da acidez: \u00e1cido c\u00edtrico. Conservante: sorbato de pot\u00e1ssio e benzoato de s\u00f3dio. Edulcorante: aspartame. Conservante: galhato de propilo. Vitamina B6 (Cloridrato de Piridoxina) &lt;0,01% (Vitamina B6 1,4 mg equivalente a 100% da DDR). Vitamina B1 (Cloridrato de Tiamina) &lt;0,01% (Vitamina B1 1,1mg equivalente a 100% da DDR). Edulcorante: sacarina s\u00f3dica. Tricloreto de Cr\u00f3mio &lt;0,01% (Cr\u00f3mio 125\u00b5g equivalente a 312,5% da DDR).<\/p>\n<p>Cont\u00e9m edulcorantes: o seu consumo excessivo pode ter efeitos laxativos. Cont\u00e9m uma fonte de fenilalanina.[\/vc_column_text]<\/div><div class=\"qode-advanced-tab-container\" id=\"tab-modo-de-tomar-251\" data-icon-pack=\"\" data-icon-html=\"\">[vc_column_text]Toma di\u00e1ria recomendada: Diluir 15ml do produto em 1,5L de \u00e1gua e beber ao longo do dia. Recomenda-se a toma do produto durante um per\u00edodo de 2 meses. Agitar antes de tomar.[\/vc_column_text]<\/div><div class=\"qode-advanced-tab-container\" id=\"tab-contra-indicado-703\" data-icon-pack=\"\" data-icon-html=\"\">[vc_column_text]Pessoas ansiosas, nervosas, que possuam hipertireoidismo ou sejam magras, e pessoas idosas. Tamb\u00e9m \u00e9 contra-inciado se o paciente tiver depress\u00e3o, gastrite cr\u00f4nica ou \u00falcera duodenal. Por ser estimulante n\u00e3o se recomenda a toma \u00e0 noite[\/vc_column_text]<\/div><div class=\"qode-advanced-tab-container\" id=\"tab-acao-fisiologica-dos-seus-componentes-670\" data-icon-pack=\"\" data-icon-html=\"\">[vc_column_text]<strong>Caf\u00e9 Verde: <\/strong>por ter as subst\u00e2ncias como a cafe\u00edna e o \u00e1cido clorog\u00eanico na sua composi\u00e7\u00e3o b\u00e1sica em maior grau do que no caf\u00e9 torrado, o caf\u00e9 verde favorece a queima da gordura ao acelerar o metabolismo ou seja, cont\u00e9m subst\u00e2ncias tais como cafe\u00edna, polifenois e \u00e1cido clorog\u00eanico, em maior grau do que no caf\u00e9 torrado.<\/p>\n<p><strong>A cafe\u00edna<\/strong> \u00e9 o primeiro a auxiliar no emagrecimento (dai o descafe\u00ednado n\u00e3o pode emagrecer), al\u00e9m de atuar como um termog\u00e9nico natural, melhorando o metabolismo e favorecendo a perda de peso, tamb\u00e9m\u00a0atua inibindo as adenosinas, que\u00a0s\u00e3o as subst\u00e2ncias respons\u00e1veis por induzir o sono e, assim,\u00a0promover um maior estado de aten\u00e7\u00e3o.\u00a0Al\u00e9m disso,\u00a0promove a oxida\u00e7\u00e3o de gorduras corporais e facilita a sua elimina\u00e7\u00e3o.<\/p>\n<p>Entretanto, <strong>\u00e9 o \u00e1cido clorog\u00eanico<\/strong> o maior respons\u00e1vel por reduzir a absor\u00e7\u00e3o de a\u00e7\u00facar pelo organismo e fazer com que o corpo procure novas fontes de energia, como a gordura, ou seja, diminui a absor\u00e7\u00e3o de glicose a n\u00edvel intestinal e participa no metabolismo dos a\u00e7\u00facares inibindo a enzima glicose-6-fosfatase, que \u00e9 respons\u00e1vel pela libera\u00e7\u00e3o de a\u00e7\u00facares do f\u00edgado para a corrente sangu\u00ednea. Essa inibi\u00e7\u00e3o mant\u00e9m os n\u00edveis baixos de glicose e diminui o ac\u00famulo de gordura, j\u00e1 que a\u00e7\u00facar em excesso \u00e9 transformado em gordura.<\/p>\n<p><strong>Garcinia Cambogia: <\/strong>\u00e9 um fruto que \u00e9 comumente conhecido como tamarindo na maior parte do mundo. Sua apar\u00eancia pequena, ab\u00f3bora, \u00e9 amplamente conhecida ao longo de suas regi\u00f5es nativas. A Garcinia Cambogia cont\u00e9m uma subst\u00e2ncia, o HCA (\u00e1cido hidroxic\u00edtrico), que \u00e9 extra\u00eddo da pr\u00f3pria fruta, esta subst\u00e2ncia tem sido usada durante s\u00e9culos para a perda de peso devido a suprimir o apetite.<\/p>\n<p><strong>Citrus aurantium, Laranjeira:<\/strong> favorece a liberta\u00e7\u00e3o e combust\u00e3o das gorduras acumuladas, aumentando a energia. Como estimula a s\u00edntese proteica, vai impedir a perda de massa muscular. Ajuda a eliminar a celulite e a controlar o apetite. Na Medicina Chinesa, \u00e9 tradicionalmente utilizada para digest\u00f5es dif\u00edceis e na elimina\u00e7\u00e3o de toxinas.<\/p>\n<p><strong>L-carnitina: <\/strong>uma subst\u00e2ncia que desempenha um papel importante no metabolismo da gordura, transportando os \u00e1cidos gordos, para a mitoc\u00f4ndria (fonte energ\u00e9tica das c\u00e9lulas), contribuindo assim para a combust\u00e3o da gordura.<\/p>\n<p><strong>Opuntia ficus-indica, Nopal<\/strong>: \u00e9 um Cacto, que possuipropriedades diur\u00e9ticas, laxativas e nutricionais: cont\u00e9m minerais essenciais, como c\u00e1lcio, f\u00f3sforo, pot\u00e1ssio, ferro, sel\u00eanio, cobre, zinco, s\u00f3dio e magn\u00e9sio, essenciais num regime de perda de peso.<\/p>\n<p><strong>Ch\u00e1 Verde: <\/strong>O Ch\u00e1 Verde \u00e9 uma planta antioxidante e termog\u00e9nica que permite acelerar o metabolismo, fazendo com que o organismo queime ainda mais gorduras<\/p>\n<p><strong>Vitamina PP ou Niacina: <\/strong>ajuda o metabolismo a produzir energia, regula o sistema nervoso r reduz o cansa\u00e7o e fadiga.<\/p>\n<p><strong>Vitamina B1 ou Tiamina: <\/strong>ajuda o metabolismo a produzir energia, regula o sistema nervoso r reduz o cansa\u00e7o e fadiga e especialmente ajuda o bom funcionamento do cora\u00e7\u00e3o.<\/p>\n<p><strong>Vitamina B6 : <\/strong>ajuda o metabolismo a produzir energia, regula o sistema nervoso e reduz o cansa\u00e7o e fadiga.<\/p>\n<p><strong>Cr\u00f3mio: <\/strong>um oligoelemento essencial que melhora a fun\u00e7\u00e3o da insulina e influencia o metabolismo dos hidratos de carbono, prote\u00ednas e gorduras. O cr\u00f3mio pode ser usado como coadjuvante na melhoria do controlo do a\u00e7\u00facar no sangue nas pessoas com Diabetes Tipo II.[\/vc_column_text]<\/div><\/div>[\/vc_column][\/vc_row][vc_row css_animation=\u00a0\u00bb\u00a0\u00bb row_type=\u00a0\u00bbrow\u00a0\u00bb use_row_as_full_screen_section=\u00a0\u00bbno\u00a0\u00bb type=\u00a0\u00bbfull_width\u00a0\u00bb angled_section=\u00a0\u00bbno\u00a0\u00bb text_align=\u00a0\u00bbleft\u00a0\u00bb background_image_as_pattern=\u00a0\u00bbwithout_pattern\u00a0\u00bb css=\u00a0\u00bb.vc_custom_1519906604451{margin-top: 50px !important;margin-bottom: 50px !important;}\u00a0\u00bb z_index=\u00a0\u00bb\u00a0\u00bb][vc_column][vc_column_text]<\/p>\n<h2 style=\"text-align: center;\">Se tiver qualquer d\u00favida n\u00e3o hesite em nos contactar<\/h2>\n<p>[\/vc_column_text][\/vc_column][\/vc_row][vc_row css_animation=\u00a0\u00bb\u00a0\u00bb row_type=\u00a0\u00bbrow\u00a0\u00bb use_row_as_full_screen_section=\u00a0\u00bbno\u00a0\u00bb type=\u00a0\u00bbfull_width\u00a0\u00bb angled_section=\u00a0\u00bbno\u00a0\u00bb text_align=\u00a0\u00bbleft\u00a0\u00bb background_image_as_pattern=\u00a0\u00bbwithout_pattern\u00a0\u00bb][vc_column width=\u00a0\u00bb1\/3&Prime;][vc_column_text]<\/p>\n<h3>MORADA<\/h3>\n<p>[\/vc_column_text][vc_separator type=\u00a0\u00bbtransparent\u00a0\u00bb up=\u00a0\u00bb6&Prime; down=\u00a0\u00bb6&Prime;][vc_column_text]Rua do Vale Formoso de Cima 142 B<\/p>\n<p>1950-272 Lisboa<\/p>\n<p>Email: comercial@phytogold.pt<\/p>\n<p>Telefone: +351 218 377 304<\/p>\n<p>+351 218 377 315[\/vc_column_text][vc_separator type=\u00a0\u00bbtransparent\u00a0\u00bb up=\u00a0\u00bb6&Prime; down=\u00a0\u00bb6&Prime;]<span class='q_social_icon_holder normal_social' ><a itemprop='url' href='https:\/\/www.facebook.com\/' target='_blank'><i class=\"qode_icon_font_awesome fa fa-facebook fa-lg simple_social\" style=\"margin: 0 13px 0 0;\" ><\/i><\/a><\/span><span class='q_social_icon_holder normal_social' ><a itemprop='url' href='http:\/\/instagram.com' target='_blank'><i class=\"qode_icon_font_awesome fa fa-instagram fa-lg simple_social\" style=\"margin: 0 13px 0 0;\" ><\/i><\/a><\/span>[\/vc_column][vc_column width=\u00a0\u00bb2\/3&Prime;]<div role=\"form\" class=\"wpcf7\" id=\"wpcf7-f16583-o3\" lang=\"en-US\" dir=\"ltr\">\n<div class=\"screen-reader-response\"><\/div>\n<form action=\"\/fr\/wp-json\/wp\/v2\/pages\/14833#wpcf7-f16583-o3\" method=\"post\" class=\"wpcf7-form cf7_custom_style_3\" novalidate=\"novalidate\">\n<div style=\"display: none;\">\n<input type=\"hidden\" name=\"_wpcf7\" value=\"16583\" \/>\n<input type=\"hidden\" name=\"_wpcf7_version\" value=\"5.0.5\" \/>\n<input type=\"hidden\" name=\"_wpcf7_locale\" value=\"en_US\" \/>\n<input type=\"hidden\" name=\"_wpcf7_unit_tag\" value=\"wpcf7-f16583-o3\" \/>\n<input type=\"hidden\" name=\"_wpcf7_container_post\" value=\"0\" \/>\n<\/div>\n<div class=\"three_columns clearfix\">\n<div class=\"column1\">\n<div class=\"column_inner\"><span class=\"wpcf7-form-control-wrap first-name\"><input type=\"text\" name=\"first-name\" value=\"\" size=\"40\" class=\"wpcf7-form-control wpcf7-text wpcf7-validates-as-required\" aria-required=\"true\" aria-invalid=\"false\" placeholder=\"First Name*\" \/><\/span><\/div>\n<\/div>\n<div class=\"column2\">\n<div class=\"column_inner\"><span class=\"wpcf7-form-control-wrap last-name\"><input type=\"text\" name=\"last-name\" value=\"\" size=\"40\" class=\"wpcf7-form-control wpcf7-text wpcf7-validates-as-required\" aria-required=\"true\" aria-invalid=\"false\" placeholder=\"Last Name*\" \/><\/span><\/div>\n<\/div>\n<div class=\"column3\">\n<div class=\"column_inner\"><span class=\"wpcf7-form-control-wrap email\"><input type=\"email\" name=\"email\" value=\"\" size=\"40\" maxlength=\"100\" class=\"wpcf7-form-control wpcf7-text wpcf7-email wpcf7-validates-as-required wpcf7-validates-as-email\" aria-required=\"true\" aria-invalid=\"false\" placeholder=\"Email*\" \/><\/span><\/div>\n<\/div>\n<\/div>\n<p><span class=\"wpcf7-form-control-wrap message\"><textarea name=\"message\" cols=\"40\" rows=\"10\" class=\"wpcf7-form-control wpcf7-textarea wpcf7-validates-as-required\" aria-required=\"true\" aria-invalid=\"false\" placeholder=\"Message*\"><\/textarea><\/span><\/p>\n<p><input type=\"submit\" value=\"CONTACT US\" class=\"wpcf7-form-control wpcf7-submit\" \/><\/p>\n<div class=\"wpcf7-response-output wpcf7-display-none\"><\/div><\/form><\/div>[\/vc_column][\/vc_row]<\/p>","protected":false},"excerpt":{"rendered":"<p>[vc_row css_animation=\u00a0\u00bb\u00a0\u00bb row_type=\u00a0\u00bbrow\u00a0\u00bb use_row_as_full_screen_section=\u00a0\u00bbno\u00a0\u00bb type=\u00a0\u00bbfull_width\u00a0\u00bb angled_section=\u00a0\u00bbno\u00a0\u00bb text_align=\u00a0\u00bbleft\u00a0\u00bb background_image_as_pattern=\u00a0\u00bbwithout_pattern\u00a0\u00bb][vc_column width=\u00a0\u00bb1\/4&Prime;][vc_single_image image=\u00a0\u00bb16578&Prime; img_size=\u00a0\u00bbfull\u00a0\u00bb qode_css_animation=\u00a0\u00bb\u00a0\u00bb][\/vc_column][vc_column width=\u00a0\u00bb3\/4&Prime;][vc_column_text] Caf\u00e9 Verde + Garcinia cambogia [\/vc_column_text][vc_empty_space height=\u00a0\u00bb30px\u00a0\u00bb][vc_column_text] Caf\u00e9 Verde e Garcinia Cambogia tornaram-se populares mundialmente\u00a0quando Dr. Oz, que j\u00e1 \u00e9 chamado \u00ab\u00a0o Santo Graal da perda de peso\u00a0\u00bb, no seu popular talk&#8230;<\/p>\n","protected":false},"author":1,"featured_media":0,"parent":0,"menu_order":0,"comment_status":"open","ping_status":"open","template":"","meta":[],"_links":{"self":[{"href":"https:\/\/phytogold.pt\/fr\/wp-json\/wp\/v2\/pages\/14833"}],"collection":[{"href":"https:\/\/phytogold.pt\/fr\/wp-json\/wp\/v2\/pages"}],"about":[{"href":"https:\/\/phytogold.pt\/fr\/wp-json\/wp\/v2\/types\/page"}],"author":[{"embeddable":true,"href":"https:\/\/phytogold.pt\/fr\/wp-json\/wp\/v2\/users\/1"}],"replies":[{"embeddable":true,"href":"https:\/\/phytogold.pt\/fr\/wp-json\/wp\/v2\/comments?post=14833"}],"version-history":[{"count":1,"href":"https:\/\/phytogold.pt\/fr\/wp-json\/wp\/v2\/pages\/14833\/revisions"}],"predecessor-version":[{"id":18506,"href":"https:\/\/phytogold.pt\/fr\/wp-json\/wp\/v2\/pages\/14833\/revisions\/18506"}],"wp:attachment":[{"href":"https:\/\/phytogold.pt\/fr\/wp-json\/wp\/v2\/media?parent=14833"}],"curies":[{"name":"wp","href":"https:\/\/api.w.org\/{rel}","templated":true}]}}