{"id":17155,"date":"2018-04-24T10:02:21","date_gmt":"2018-04-24T10:02:21","guid":{"rendered":"https:\/\/phytogold.pt\/?page_id=17155"},"modified":"2018-04-24T10:07:49","modified_gmt":"2018-04-24T10:07:49","slug":"politica-de-privacidade","status":"publish","type":"page","link":"https:\/\/phytogold.pt\/en\/politica-de-privacidade\/","title":{"rendered":"Pol\u00edtica de Privacidade"},"content":{"rendered":"<p>[vc_row css_animation=&#8221;&#8221; row_type=&#8221;row&#8221; use_row_as_full_screen_section=&#8221;no&#8221; type=&#8221;grid&#8221; angled_section=&#8221;no&#8221; text_align=&#8221;left&#8221; background_image_as_pattern=&#8221;without_pattern&#8221; css=&#8221;.vc_custom_1524560879420{margin-top: 30px !important;margin-bottom: 50px !important;padding-top: 50px !important;}&#8221; z_index=&#8221;&#8221;][vc_column][vc_column_text]<\/p>\n<h2 style=\"text-align: center;\"><strong>Pol\u00edtica de Privacidade<\/strong><\/h2>\n<p>[\/vc_column_text][vc_separator type=&#8221;transparent&#8221; up=&#8221;35&#8243; down=&#8221;0&#8243;][vc_column_text css=&#8221;.vc_custom_1524560493004{margin-bottom: 40px !important;}&#8221;]A PhytoGOLD respeitaa privacidade dos seus clientes e fornecedores. Esta Pol\u00edtica de Privacidade descreve quem somos, para que finalidades podemos usar os seus dados, como os tratamos, com quem os partilhamos, durante quanto tempo os conservamos, bem como as formas de entrar em contacto connosco e de exercer os seus direitos.<\/p>\n<p>[\/vc_column_text][vc_column_text]<\/p>\n<h3><strong>Quem somos?<\/strong><\/h3>\n<p>Os seus dados ser\u00e3o tratados pela PhytoGOLD, Com\u00e9rcio de Produtos Naturais Unipessoal, Lda., pessoa coletiva n.\u00ba508844487, com sede na Rua Vale Formoso de Cima n.\u00ba 142 B, 1950-273 Lisboa, doravante \u201cPhytoGOLD\u201d ou \u201cn\u00f3s\u201d. Esta sociedade \u00e9 respons\u00e1vel pelo tratamento de dados pessoais na ace\u00e7\u00e3o do Regulamento Geral sobre a Prote\u00e7\u00e3o de Dados.<\/p>\n<p>Para quest\u00f5es relacionadas com o tratamento dos seus dados pessoais dever\u00e1 contactar-nos atrav\u00e9s da nossa morada ou do n\u00famero de telefone 218377304.<\/p>\n<h3><strong>Porque precisamos da sua informa\u00e7\u00e3o?<\/strong><\/h3>\n<p>A PhytoGOLD tratar\u00e1 os seus dados pessoais para as seguintes finalidades:receber novidades, ofertas e campanhas da PhytoGOLD.<\/p>\n<ul>\n<li><strong>Gest\u00e3o de clientes e potenciais clientes <\/strong><\/li>\n<\/ul>\n<p>O tratamento dos seus dados \u00e9 necess\u00e1rio para a execu\u00e7\u00e3o do contrato a celebrar entre si e a PhytoGOLD, ou para a realiza\u00e7\u00e3o de dilig\u00eancias pr\u00e9-contratuais a seu pedido. Caso n\u00e3o disponibilize os seus dados n\u00e3o poderemos prestar-lhe os servi\u00e7os solicitados ou contratados.<\/p>\n<p>Os seus dados ser\u00e3o conservados para esta finalidade durante 1 ano.<\/p>\n<p>Os dados pessoais de clientes poder\u00e3o ser tratados pela PhytoGOLD com a finalidade de gest\u00e3o de contencioso.O fundamento jur\u00eddico \u00e9 a exist\u00eancia de um interesse leg\u00edtimo por parte da Empresa e os dados ser\u00e3o conservados pelo per\u00edodo necess\u00e1rio ao exerc\u00edcio dos respetivos direitos.<\/p>\n<ul>\n<li><strong>Marketing<\/strong><\/li>\n<\/ul>\n<p>A PhytoGOLD poder\u00e1 tratar os seus dados para lhe enviar informa\u00e7\u00f5es sobre os seus produtos e servi\u00e7os.Este tratamento de dados ser\u00e1 realizado apenas com o seu consentimento, prestado no momento da recolha dos mesmos, atrav\u00e9s de formul\u00e1rio. Caso consinta, receber\u00e1 comunica\u00e7\u00f5es de marketing atrav\u00e9s de e-mail, correio ou telefone.<\/p>\n<p>Poder\u00e1 a qualquer momento opor-se a este tratamento de dados.<\/p>\n<p>Os seus dados ser\u00e3o conservados para esta finalidade durante 1 ano.<\/p>\n<ul>\n<li><strong>Gest\u00e3o de reclama\u00e7\u00f5es e contactos recebidos pela PhytoGOLD<\/strong><\/li>\n<\/ul>\n<p>Pode remeter-nos, atrav\u00e9s do endere\u00e7o de e-mail comercial@phytogold.pt ou do n\u00famero de telefone 218377304,sugest\u00f5es ou reclama\u00e7\u00f5es relativas aos servi\u00e7os prestados pela PhytoGOLD. Os seus dados pessoais ser\u00e3o tratados com base nos interesses leg\u00edtimos da PhytoGOLD e no seu consentimento.A PhytoGOLD recolhe os seus dados para analisar e resolver a situa\u00e7\u00e3o subjacente \u00e0 sua sugest\u00e3o ou reclama\u00e7\u00e3o.<\/p>\n<p>Os seus dados ser\u00e3o conservados para esta finalidade durante o tempo necess\u00e1rio \u00e0 resolu\u00e7\u00e3o da sua quest\u00e3o de 1 ano.<\/p>\n<ul>\n<li><strong>Gest\u00e3o de fornecedores<\/strong><\/li>\n<\/ul>\n<p>O tratamento dos seus dados \u00e9 necess\u00e1rio para a execu\u00e7\u00e3o do contrato a celebrar entre si e a PhytoGOLD, ou para a realiza\u00e7\u00e3o de dilig\u00eancias pr\u00e9-contratuais a seu pedido. Caso n\u00e3o disponibilize os seus dados n\u00e3o poderemos cumprir as obriga\u00e7\u00f5es contratuais assumidas.<\/p>\n<p>Os seus dados ser\u00e3o conservados para esta finalidade durante 1 ano.<\/p>\n<p>Os dados pessoais de fornecedores poder\u00e3o ser tratados pela PhytoGOLD com a finalidade de gest\u00e3o de contencioso. O fundamento jur\u00eddico \u00e9 a exist\u00eancia de um interesse leg\u00edtimo por parte da PhytoGOLD e os dados ser\u00e3o conservados pelo per\u00edodo necess\u00e1rio ao exerc\u00edcio dos respetivos direitos.<\/p>\n<p>Os dados dos fornecedores da PhytoGOLD, em particular de colaboradores, poder\u00e3o ser comunicados aos clientes da PhytoGOLD para cumprimento de obriga\u00e7\u00f5es legais ou contratuais.<\/p>\n<h3><strong>A minha informa\u00e7\u00e3o ser\u00e1 partilhada com outros?<\/strong><\/h3>\n<p>A sua informa\u00e7\u00e3o pessoal pode ser divulgada a <strong>terceiros prestadores de servi\u00e7os. <\/strong>Se \u00e9 o nosso cliente ou fornecedor, os seus dados pessoais poder\u00e3o ser tratados por empresas subcontratadas pela PhytoGOLD, nomeadamente para o alojamento de s\u00edtio web, correio eletr\u00f3nico, gest\u00e3o de contencioso. S\u00e3o fornecidas a estas empresas apenas os dados pessoais necess\u00e1rios para a presta\u00e7\u00e3o do servi\u00e7o em causa.<\/p>\n<p>Os seus dados ser\u00e3o tratados dentro do espa\u00e7o da Uni\u00e3o Europeia.<\/p>\n<h3><strong>Quais s\u00e3o os meus direitos?<\/strong><\/h3>\n<p>A qualquer momento, pode solicitar-nos:<\/p>\n<ul>\n<li>O <strong>acesso <\/strong>\u00e0 informa\u00e7\u00e3o que mantemos sobre si;<\/li>\n<li>A <strong>retifica\u00e7\u00e3o<\/strong> da informa\u00e7\u00e3o caso esteja inexata ou incompleta;<\/li>\n<li>O <strong>apagamento ou a limita\u00e7\u00e3o do tratamento<\/strong> dos seus dados pessoais.<\/li>\n<\/ul>\n<p>Os seus pedidos ser\u00e3o tratados com especial cuidado de forma a que possamos assegurar a efic\u00e1cia dos seus direitos. Poder\u00e1 ser-lhe pedido que fa\u00e7a prova da sua identidade de modo a assegurar que a partilha dos dados pessoais \u00e9 apenas feita com o seu titular.<\/p>\n<p>Deve ter presente que em certos casos (por exemplo, devido a requisitos legais) o seu pedido n\u00e3o poder\u00e1 ser imediatamente satisfeito.<\/p>\n<p>De qualquer modo, ser\u00e1 informado das medidas tomadas nesse sentido, no prazo de um m\u00eas a partir do momento em que o pedido for efetuado.<\/p>\n<p>Tem ainda o direito de apresentar uma reclama\u00e7\u00e3o \u00e0 Comiss\u00e3o Nacional de Prote\u00e7\u00e3o de Dados <a href=\"https:\/\/www.cnpd.pt\/\">https:\/\/www.cnpd.pt\/<\/a>.<\/p>\n<h3><strong>Posso revogar o meu consentimento?<\/strong><\/h3>\n<p>Se o consentimento for legalmente necess\u00e1rio para o tratamento de dados pessoais o titular dos dados tem o direito de retirar consentimento em qualquer altura, embora esse direito n\u00e3o comprometa a licitude do tratamento efetuado com base no consentimento previamente dado nem o tratamento posterior dos mesmos dados, baseado noutra base legal, como \u00e9 o caso do cumprimento do contrato ou da obriga\u00e7\u00e3o legal a que a PhytoGOLD esteja sujeita.<\/p>\n<p>Caso pretenda retirar o seu consentimento, pode contactar-nos atrav\u00e9s de 218377304<\/p>\n<h3><strong>Como \u00e9 que EMPRESA usa cookies e tecnologia semelhante?<\/strong><\/h3>\n<p>Para prestar um melhor servi\u00e7o ao utilizador, utilizamos cookies, ou seja, pequenos ficheiros de texto que s\u00e3o colocados no disco r\u00edgido por um servidor de p\u00e1ginas Web. Esta tecnologia \u00e9 utilizada pela PhytoGOLD principalmente para:<\/p>\n<ul>\n<li>Permitir-nos saber quem s\u00e3o os nossos visitantes e, desta forma, prestar um servi\u00e7o melhor, mais seguro e personalizado;<\/li>\n<li>Conhecer o desempenho dos nossos sites e perspetivar a sua atualiza\u00e7\u00e3o e melhoria indo ao encontro das expectativas dos nossos clientes. A cada visitante corresponde um cookie individual, garantindo desta forma a privacidade e a seguran\u00e7a dos dados. A apresenta\u00e7\u00e3o dos dados estat\u00edsticos \u00e9 feita de uma forma agregada, n\u00e3o permitindo a identifica\u00e7\u00e3o do visitante individualmente.<\/li>\n<\/ul>\n<h3><strong>Tem alguma d\u00favida?<\/strong><\/h3>\n<p>Se permanecer com alguma d\u00favida relativamente ao tratamento dos seus dados pessoais, ou pretender exercer algum dos seus direitos, por favor contacte-nos.<\/p>\n<p>Ocasionalmente, a PhytoGOLD atualizar\u00e1 esta Pol\u00edtica de Privacidade. Solicitamos-lhe que reveja periodicamente este documento para se manter atualizado.[\/vc_column_text][\/vc_column][\/vc_row][vc_row css_animation=&#8221;&#8221; row_type=&#8221;row&#8221; use_row_as_full_screen_section=&#8221;no&#8221; type=&#8221;grid&#8221; angled_section=&#8221;no&#8221; text_align=&#8221;left&#8221; background_image=&#8221;16526&#8243; background_image_as_pattern=&#8221;without_pattern&#8221; z_index=&#8221;&#8221;][vc_column][vc_row_inner row_type=&#8221;row&#8221; type=&#8221;full_width&#8221; text_align=&#8221;center&#8221; css_animation=&#8221;&#8221; padding=&#8221;5&#8243;][vc_column_inner width=&#8221;3\/4&#8243;][vc_separator type=&#8221;transparent&#8221; up=&#8221;46&#8243; down=&#8221;0&#8243;][vc_column_text]<\/p>\n<h4><span style=\"color: #ffffff;\">Se um ingrediente \u00e9 bom e est\u00e1 na moda PhytoGOLD tem!<\/span><\/h4>\n<p>[\/vc_column_text][\/vc_column_inner][vc_column_inner width=&#8221;1\/4&#8243;][vc_separator type=&#8221;transparent&#8221; up=&#8221;38&#8243; down=&#8221;0&#8243;]<a  itemprop=\"url\" href=\"#\" target=\"_self\" data-hover-background-color=#f9f9f9 data-hover-border-color=#f9f9f9 data-hover-color=#000000 class=\"qbutton  default\" style=\"color: #000000; border-color: #ffffff; background-color: #ffffff;\">Contate-nos<\/a>[vc_separator type=&#8221;transparent&#8221; up=&#8221;42&#8243; down=&#8221;0&#8243;][\/vc_column_inner][\/vc_row_inner][\/vc_column][\/vc_row]<\/p>\n","protected":false},"excerpt":{"rendered":"<p>[vc_row css_animation=&#8221;&#8221; row_type=&#8221;row&#8221; use_row_as_full_screen_section=&#8221;no&#8221; type=&#8221;grid&#8221; angled_section=&#8221;no&#8221; text_align=&#8221;left&#8221; background_image_as_pattern=&#8221;without_pattern&#8221; css=&#8221;.vc_custom_1524560879420{margin-top: 30px !important;margin-bottom: 50px !important;padding-top: 50px !important;}&#8221; z_index=&#8221;&#8221;][vc_column][vc_column_text] Pol\u00edtica de Privacidade [\/vc_column_text][vc_separator type=&#8221;transparent&#8221; up=&#8221;35&#8243; down=&#8221;0&#8243;][vc_column_text css=&#8221;.vc_custom_1524560493004{margin-bottom: 40px !important;}&#8221;]A PhytoGOLD respeitaa privacidade dos seus clientes e fornecedores. Esta Pol\u00edtica de Privacidade descreve quem somos, para que finalidades podemos&#8230;<\/p>\n","protected":false},"author":1,"featured_media":0,"parent":0,"menu_order":0,"comment_status":"open","ping_status":"open","template":"full_width.php","meta":[],"_links":{"self":[{"href":"https:\/\/phytogold.pt\/en\/wp-json\/wp\/v2\/pages\/17155"}],"collection":[{"href":"https:\/\/phytogold.pt\/en\/wp-json\/wp\/v2\/pages"}],"about":[{"href":"https:\/\/phytogold.pt\/en\/wp-json\/wp\/v2\/types\/page"}],"author":[{"embeddable":true,"href":"https:\/\/phytogold.pt\/en\/wp-json\/wp\/v2\/users\/1"}],"replies":[{"embeddable":true,"href":"https:\/\/phytogold.pt\/en\/wp-json\/wp\/v2\/comments?post=17155"}],"version-history":[{"count":0,"href":"https:\/\/phytogold.pt\/en\/wp-json\/wp\/v2\/pages\/17155\/revisions"}],"wp:attachment":[{"href":"https:\/\/phytogold.pt\/en\/wp-json\/wp\/v2\/media?parent=17155"}],"curies":[{"name":"wp","href":"https:\/\/api.w.org\/{rel}","templated":true}]}}