{"id":16908,"date":"2018-04-13T13:33:05","date_gmt":"2018-04-13T13:33:05","guid":{"rendered":"https:\/\/phytogold.pt\/?page_id=16908"},"modified":"2018-04-26T18:21:49","modified_gmt":"2018-04-26T18:21:49","slug":"a-nossa-qualidade","status":"publish","type":"page","link":"https:\/\/phytogold.pt\/en\/a-nossa-qualidade\/","title":{"rendered":"A NOSSA QUALIDADE"},"content":{"rendered":"<p>[vc_row css_animation=&#8221;&#8221; row_type=&#8221;row&#8221; use_row_as_full_screen_section=&#8221;no&#8221; type=&#8221;grid&#8221; anchor=&#8221;portfolio&#8221; angled_section=&#8221;no&#8221; text_align=&#8221;left&#8221; background_image_as_pattern=&#8221;without_pattern&#8221; background_color=&#8221;#ffffff&#8221; border_color=&#8221;#efefef&#8221; padding_top=&#8221;70&#8243; padding_bottom=&#8221;0&#8243;][vc_column][vc_separator type=&#8221;transparent&#8221; up=&#8221;10&#8243; down=&#8221;0&#8243;][vc_column_text]<\/p>\n<h2 style=\"text-align: center;\">A NOSSA QUALIDADE<\/h2>\n<p>[\/vc_column_text][vc_separator type=&#8221;transparent&#8221; up=&#8221;30&#8243; down=&#8221;30&#8243;][vc_row_inner row_type=&#8221;row&#8221; type=&#8221;full_width&#8221; text_align=&#8221;left&#8221; css_animation=&#8221;&#8221; css=&#8221;.vc_custom_1520858332677{padding-bottom: 30px !important;}&#8221;][vc_column_inner][vc_column_text]Os suplementos alimentares PhytoGOLD\u00ae t\u00eam a capacidade de suplementar e, proporcionar benef\u00edcios \u00e0 sa\u00fade como preven\u00e7\u00e3o e tratamento.<\/p>\n<p>Os suplementos alimentares PhytoGOLD\u00ae cont\u00eam alega\u00e7\u00f5es de sa\u00fade, declarando a exist\u00eancia de um benef\u00edcio, entre um g\u00e9nero aliment\u00edcio, ou um dos seus constituintes, e a sa\u00fade.<\/p>\n<p>Todos os nossos suplementos alimentares s\u00e3o fabricados de forma consistente no que diz respeito \u00e0 sua <strong>PUREZA<\/strong> (sem contamina\u00e7\u00e3o por exemplo de pesticidas\/quimicos), <strong>QUALIDADE<\/strong> (fabricados com os elevados padr\u00f5es de controlo de qualidade\u00a0e de seguran\u00e7a), <strong>CONTE\u00daDO<\/strong> (saber exatamente o que cont\u00e9m) e <strong>DOSAGEM<\/strong> (saber exatamente o quanto toma por ingrediente em cada dose).<\/p>\n<p>Seguimos as regras! Todos os nossos suplementos alimentares seguem as regras da EFSA, e s\u00e3o produzidos em Laborat\u00f3rios que cumprem as Boas Pr\u00e1ticas de Fabrico (GMP). Os nossos suplementos alimentares s\u00e3o seguros e de qualidade garantida.[\/vc_column_text][\/vc_column_inner][\/vc_row_inner][\/vc_column][\/vc_row][vc_row css_animation=&#8221;&#8221; row_type=&#8221;row&#8221; use_row_as_full_screen_section=&#8221;no&#8221; type=&#8221;grid&#8221; angled_section=&#8221;no&#8221; text_align=&#8221;left&#8221; background_image=&#8221;16526&#8243; background_image_as_pattern=&#8221;without_pattern&#8221; z_index=&#8221;&#8221;][vc_column][vc_row_inner row_type=&#8221;row&#8221; type=&#8221;full_width&#8221; text_align=&#8221;center&#8221; css_animation=&#8221;&#8221; padding=&#8221;5&#8243;][vc_column_inner width=&#8221;3\/4&#8243;][vc_separator type=&#8221;transparent&#8221; up=&#8221;46&#8243; down=&#8221;0&#8243;][vc_column_text]<\/p>\n<h4><span style=\"color: #ffffff;\">Se um ingrediente \u00e9 bom e est\u00e1 na moda PhytoGOLD tem!<\/span><\/h4>\n<p>[\/vc_column_text][\/vc_column_inner][vc_column_inner width=&#8221;1\/4&#8243;][vc_separator type=&#8221;transparent&#8221; up=&#8221;38&#8243; down=&#8221;0&#8243;]<a  itemprop=\"url\" href=\"#\" target=\"_self\" data-hover-background-color=#f9f9f9 data-hover-border-color=#f9f9f9 data-hover-color=#000000 class=\"qbutton  default\" style=\"color: #000000; border-color: #ffffff; background-color: #ffffff;\">Contate-nos<\/a>[vc_separator type=&#8221;transparent&#8221; up=&#8221;42&#8243; down=&#8221;0&#8243;][\/vc_column_inner][\/vc_row_inner][\/vc_column][\/vc_row]<\/p>\n","protected":false},"excerpt":{"rendered":"<p>[vc_row css_animation=&#8221;&#8221; row_type=&#8221;row&#8221; use_row_as_full_screen_section=&#8221;no&#8221; type=&#8221;grid&#8221; anchor=&#8221;portfolio&#8221; angled_section=&#8221;no&#8221; text_align=&#8221;left&#8221; background_image_as_pattern=&#8221;without_pattern&#8221; background_color=&#8221;#ffffff&#8221; border_color=&#8221;#efefef&#8221; padding_top=&#8221;70&#8243; padding_bottom=&#8221;0&#8243;][vc_column][vc_separator type=&#8221;transparent&#8221; up=&#8221;10&#8243; down=&#8221;0&#8243;][vc_column_text] A NOSSA QUALIDADE [\/vc_column_text][vc_separator type=&#8221;transparent&#8221; up=&#8221;30&#8243; down=&#8221;30&#8243;][vc_row_inner row_type=&#8221;row&#8221; type=&#8221;full_width&#8221; text_align=&#8221;left&#8221; css_animation=&#8221;&#8221; css=&#8221;.vc_custom_1520858332677{padding-bottom: 30px !important;}&#8221;][vc_column_inner][vc_column_text]Os suplementos alimentares PhytoGOLD\u00ae t\u00eam a capacidade de suplementar e, proporcionar benef\u00edcios \u00e0 sa\u00fade como preven\u00e7\u00e3o&#8230;<\/p>\n","protected":false},"author":1,"featured_media":0,"parent":0,"menu_order":0,"comment_status":"open","ping_status":"open","template":"full_width.php","meta":[],"_links":{"self":[{"href":"https:\/\/phytogold.pt\/en\/wp-json\/wp\/v2\/pages\/16908"}],"collection":[{"href":"https:\/\/phytogold.pt\/en\/wp-json\/wp\/v2\/pages"}],"about":[{"href":"https:\/\/phytogold.pt\/en\/wp-json\/wp\/v2\/types\/page"}],"author":[{"embeddable":true,"href":"https:\/\/phytogold.pt\/en\/wp-json\/wp\/v2\/users\/1"}],"replies":[{"embeddable":true,"href":"https:\/\/phytogold.pt\/en\/wp-json\/wp\/v2\/comments?post=16908"}],"version-history":[{"count":0,"href":"https:\/\/phytogold.pt\/en\/wp-json\/wp\/v2\/pages\/16908\/revisions"}],"wp:attachment":[{"href":"https:\/\/phytogold.pt\/en\/wp-json\/wp\/v2\/media?parent=16908"}],"curies":[{"name":"wp","href":"https:\/\/api.w.org\/{rel}","templated":true}]}}