{"id":16906,"date":"2018-04-13T13:32:23","date_gmt":"2018-04-13T13:32:23","guid":{"rendered":"https:\/\/phytogold.pt\/?page_id=16906"},"modified":"2018-04-26T18:21:40","modified_gmt":"2018-04-26T18:21:40","slug":"os-suplementos-alimentares-sao-estudados","status":"publish","type":"page","link":"https:\/\/phytogold.pt\/en\/os-suplementos-alimentares-sao-estudados\/","title":{"rendered":"OS SUPLEMENTOS ALIMENTARES S\u00c3O ESTUDADOS?"},"content":{"rendered":"<p>[vc_row css_animation=&#8221;&#8221; row_type=&#8221;row&#8221; use_row_as_full_screen_section=&#8221;no&#8221; type=&#8221;grid&#8221; anchor=&#8221;portfolio&#8221; angled_section=&#8221;no&#8221; text_align=&#8221;left&#8221; background_image_as_pattern=&#8221;without_pattern&#8221; background_color=&#8221;#ffffff&#8221; border_color=&#8221;#efefef&#8221; padding_top=&#8221;70&#8243; padding_bottom=&#8221;0&#8243;][vc_column][vc_separator type=&#8221;transparent&#8221; up=&#8221;10&#8243; down=&#8221;0&#8243;][vc_column_text]<\/p>\n<h2 style=\"text-align: center;\">OS SUPLEMENTOS ALIMENTARES S\u00c3O ESTUDADOS?<\/h2>\n<p>[\/vc_column_text][vc_separator type=&#8221;transparent&#8221; up=&#8221;30&#8243; down=&#8221;30&#8243;][vc_row_inner row_type=&#8221;row&#8221; type=&#8221;full_width&#8221; text_align=&#8221;left&#8221; css_animation=&#8221;&#8221; css=&#8221;.vc_custom_1520858332677{padding-bottom: 30px !important;}&#8221;][vc_column_inner][vc_column_text]Sim! Todos os poss\u00edveis ingredientes dos suplementos alimentares est\u00e3o j\u00e1 estudados pela EFSA!<\/p>\n<p>O que a EFSA faz atrav\u00e9s dos seus Pain\u00e9is e Redes de Peritos de todo o mundo, \u00e9 emitir opini\u00f5es cient\u00edficas para apoiar o processo.<\/p>\n<p>At\u00e9 agora, a EFSA publicou algumas centenas de pareceres de aconselhamento cient\u00edfico para mais de 900 alega\u00e7\u00f5es de sa\u00fade.<\/p>\n<p>Alega\u00e7\u00e3o de sa\u00fade \u00e9 qualquer alega\u00e7\u00e3o que declare, sugira ou implique a exist\u00eancia de um benef\u00edcio, entre um g\u00e9nero aliment\u00edcio, ou um dos seus constituintes, e a sa\u00fade.<\/p>\n<p>As alega\u00e7\u00f5es de sa\u00fade devem ser baseadas e fundamentadas em provas cient\u00edficas aceites.Cabe \u00e0 EFSA a responsabilidade de verificar a fundamenta\u00e7\u00e3o cient\u00edfica das afirma\u00e7\u00f5es apresentadas nas alega\u00e7\u00f5es dos suplementos alimentares.[\/vc_column_text][\/vc_column_inner][\/vc_row_inner][\/vc_column][\/vc_row][vc_row css_animation=&#8221;&#8221; row_type=&#8221;row&#8221; use_row_as_full_screen_section=&#8221;no&#8221; type=&#8221;grid&#8221; angled_section=&#8221;no&#8221; text_align=&#8221;left&#8221; background_image=&#8221;16526&#8243; background_image_as_pattern=&#8221;without_pattern&#8221; z_index=&#8221;&#8221;][vc_column][vc_row_inner row_type=&#8221;row&#8221; type=&#8221;full_width&#8221; text_align=&#8221;center&#8221; css_animation=&#8221;&#8221; padding=&#8221;5&#8243;][vc_column_inner width=&#8221;3\/4&#8243;][vc_separator type=&#8221;transparent&#8221; up=&#8221;46&#8243; down=&#8221;0&#8243;][vc_column_text]<\/p>\n<h4><span style=\"color: #ffffff;\">Se um ingrediente \u00e9 bom e est\u00e1 na moda PhytoGOLD tem!<\/span><\/h4>\n<p>[\/vc_column_text][\/vc_column_inner][vc_column_inner width=&#8221;1\/4&#8243;][vc_separator type=&#8221;transparent&#8221; up=&#8221;38&#8243; down=&#8221;0&#8243;]<a  itemprop=\"url\" href=\"#\" target=\"_self\" data-hover-background-color=#f9f9f9 data-hover-border-color=#f9f9f9 data-hover-color=#000000 class=\"qbutton  default\" style=\"color: #000000; border-color: #ffffff; background-color: #ffffff;\">Contate-nos<\/a>[vc_separator type=&#8221;transparent&#8221; up=&#8221;42&#8243; down=&#8221;0&#8243;][\/vc_column_inner][\/vc_row_inner][\/vc_column][\/vc_row]<\/p>\n","protected":false},"excerpt":{"rendered":"<p>[vc_row css_animation=&#8221;&#8221; row_type=&#8221;row&#8221; use_row_as_full_screen_section=&#8221;no&#8221; type=&#8221;grid&#8221; anchor=&#8221;portfolio&#8221; angled_section=&#8221;no&#8221; text_align=&#8221;left&#8221; background_image_as_pattern=&#8221;without_pattern&#8221; background_color=&#8221;#ffffff&#8221; border_color=&#8221;#efefef&#8221; padding_top=&#8221;70&#8243; padding_bottom=&#8221;0&#8243;][vc_column][vc_separator type=&#8221;transparent&#8221; up=&#8221;10&#8243; down=&#8221;0&#8243;][vc_column_text] OS SUPLEMENTOS ALIMENTARES S\u00c3O ESTUDADOS? [\/vc_column_text][vc_separator type=&#8221;transparent&#8221; up=&#8221;30&#8243; down=&#8221;30&#8243;][vc_row_inner row_type=&#8221;row&#8221; type=&#8221;full_width&#8221; text_align=&#8221;left&#8221; css_animation=&#8221;&#8221; css=&#8221;.vc_custom_1520858332677{padding-bottom: 30px !important;}&#8221;][vc_column_inner][vc_column_text]Sim! Todos os poss\u00edveis ingredientes dos suplementos alimentares est\u00e3o j\u00e1 estudados pela EFSA! O&#8230;<\/p>\n","protected":false},"author":1,"featured_media":0,"parent":0,"menu_order":0,"comment_status":"open","ping_status":"open","template":"full_width.php","meta":[],"_links":{"self":[{"href":"https:\/\/phytogold.pt\/en\/wp-json\/wp\/v2\/pages\/16906"}],"collection":[{"href":"https:\/\/phytogold.pt\/en\/wp-json\/wp\/v2\/pages"}],"about":[{"href":"https:\/\/phytogold.pt\/en\/wp-json\/wp\/v2\/types\/page"}],"author":[{"embeddable":true,"href":"https:\/\/phytogold.pt\/en\/wp-json\/wp\/v2\/users\/1"}],"replies":[{"embeddable":true,"href":"https:\/\/phytogold.pt\/en\/wp-json\/wp\/v2\/comments?post=16906"}],"version-history":[{"count":0,"href":"https:\/\/phytogold.pt\/en\/wp-json\/wp\/v2\/pages\/16906\/revisions"}],"wp:attachment":[{"href":"https:\/\/phytogold.pt\/en\/wp-json\/wp\/v2\/media?parent=16906"}],"curies":[{"name":"wp","href":"https:\/\/api.w.org\/{rel}","templated":true}]}}