{"id":16901,"date":"2018-04-13T13:30:13","date_gmt":"2018-04-13T13:30:13","guid":{"rendered":"https:\/\/phytogold.pt\/?page_id=16901"},"modified":"2018-04-26T18:22:12","modified_gmt":"2018-04-26T18:22:12","slug":"o-consumo-de-suplementos-alimentares-e-realmente-benefico","status":"publish","type":"page","link":"https:\/\/phytogold.pt\/en\/o-consumo-de-suplementos-alimentares-e-realmente-benefico\/","title":{"rendered":"O CONSUMO DE SUPLEMENTOS ALIMENTARES \u00c9 REALMENTE BEN\u00c9FICO?"},"content":{"rendered":"<p>[vc_row css_animation=&#8221;&#8221; row_type=&#8221;row&#8221; use_row_as_full_screen_section=&#8221;no&#8221; type=&#8221;grid&#8221; anchor=&#8221;portfolio&#8221; angled_section=&#8221;no&#8221; text_align=&#8221;left&#8221; background_image_as_pattern=&#8221;without_pattern&#8221; background_color=&#8221;#ffffff&#8221; border_color=&#8221;#efefef&#8221; padding_top=&#8221;70&#8243; padding_bottom=&#8221;0&#8243;][vc_column][vc_separator type=&#8221;transparent&#8221; up=&#8221;10&#8243; down=&#8221;0&#8243;][vc_column_text]<\/p>\n<h2 style=\"text-align: center;\">O CONSUMO DE SUPLEMENTOS ALIMENTARES \u00c9 REALMENTE BEN\u00c9FICO?<\/h2>\n<p>[\/vc_column_text][vc_separator type=&#8221;transparent&#8221; up=&#8221;30&#8243; down=&#8221;30&#8243;][vc_row_inner row_type=&#8221;row&#8221; type=&#8221;full_width&#8221; text_align=&#8221;left&#8221; css_animation=&#8221;&#8221; css=&#8221;.vc_custom_1520858332677{padding-bottom: 30px !important;}&#8221;][vc_column_inner][vc_column_text]Como dita o prov\u00e9rbio popular &#8220;antes prevenir do que remediar&#8221;.<\/p>\n<p>Os suplementos alimentares est\u00e3o cada vez mais na ordem do dia sendo cada vez mais consumidos por pessoas que pretendam manter o seu n\u00edvel de sa\u00fade!<\/p>\n<p>O ritmo de vida cada vez mais acelerado, leva a que muitas pessoas n\u00e3o tenham uma alimenta\u00e7\u00e3o equilibrada. Atualmente os h\u00e1bitos alimentares envolvem uma quantidade cada vez maior de alimentos processados, como <em>fastfood<\/em>, o que provocou um aumento de doen\u00e7as como obesidade, press\u00e3o arterial elevada, diabetes e n\u00edveis elevados de colesterol. Sem esquecer nunca que o stress e polui\u00e7\u00e3o est\u00e3o associados ao aparecimento e evolu\u00e7\u00e3o de\u00a0<em>doen\u00e7as.<\/em><\/p>\n<p>A utiliza\u00e7\u00e3o de suplementos alimentares para fins nutricionais afim de conseguir o aporte di\u00e1rio de todos os nutrientes nas quantidades recomendadas na Roda dos Alimentos, ou seja, ter o \u201cprato ideal\u201d, faz parte dos estudos sobre os h\u00e1bitos alimentares das popula\u00e7\u00f5es.<\/p>\n<p><strong>\u00a0<\/strong><\/p>\n<p>O mais recente Inqu\u00e9rito Alimentar Nacional e de Atividade F\u00edsica (IAN-AF) 2015-2016 teve como objetivo prim\u00e1rio recolher informa\u00e7\u00e3o de representatividade nacional e regional (dos 3 meses aos 84 anos de idade) sobre o consumo alimentar (incluindo a ingest\u00e3o e suplementa\u00e7\u00e3o nutricionais, seguran\u00e7a dos alimentos e a inseguran\u00e7a alimentar) e, tamb\u00e9m, sobre a atividade f\u00edsica (incluindo os comportamentos sedent\u00e1rios, as atividades desportivas\/de lazer e as escolhas ativas na rotina di\u00e1ria) e a sua rela\u00e7\u00e3o com determinantes em sa\u00fade, nomeadamente os socioecon\u00f3micos.<\/p>\n<p>Neste IAN-AF concluiu-se que os micronutrientes com maior propor\u00e7\u00e3o da popula\u00e7\u00e3o, e que est\u00e3o a ser consumidos abaixo das necessidades m\u00e9dias, s\u00e3o o c\u00e1lcio e o folato, com percentagens pr\u00f3ximas dos50% no sexo feminino, mas menos no sexo masculino. Os idosos s\u00e3o os que apresentam maiores percentagens abaixo das necessidades m\u00e9dias da popula\u00e7\u00e3o (54,6% para o c\u00e1lcio e 58,6% para o folato). Para a vitamina A, a vitamina C e o ferro observaram-se percentagens abaixo das necessidades m\u00e9dias entre 15 e 30%. No grupo das gr\u00e1vidas, observou-se um decr\u00e9scimo no consumo abaixo das necessidades m\u00e9dias de folato (15,5%) e de ferro (2,7%). O uso de suplementa\u00e7\u00e3o alimentar\/nutricional nos \u00faltimos 12 meses \u00e9 reportado por 26,6% da popula\u00e7\u00e3o Portuguesa e \u00e9 superior no sexo feminino e nos indiv\u00edduos adultos e idosos. O micronutriente mais ingerido<\/p>\n<p>pelos idosos \u00e9 o c\u00e1lcio e pelas crian\u00e7as a vitamina D. Apenas 41,4% das mulheres gr\u00e1vidas reporta ter feito suplementa\u00e7\u00e3o com \u00e1cido f\u00f3lico antes de engravidar.<\/p>\n<p>Por isso SIM! A suplementa\u00e7\u00e3o apresenta-se como uma solu\u00e7\u00e3o ben\u00e9fica para resolver situa\u00e7\u00f5es de d\u00e9fice identificadas nas popula\u00e7\u00f5es.[\/vc_column_text][\/vc_column_inner][\/vc_row_inner][\/vc_column][\/vc_row][vc_row css_animation=&#8221;&#8221; row_type=&#8221;row&#8221; use_row_as_full_screen_section=&#8221;no&#8221; type=&#8221;grid&#8221; angled_section=&#8221;no&#8221; text_align=&#8221;left&#8221; background_image=&#8221;16526&#8243; background_image_as_pattern=&#8221;without_pattern&#8221; z_index=&#8221;&#8221;][vc_column][vc_row_inner row_type=&#8221;row&#8221; type=&#8221;full_width&#8221; text_align=&#8221;center&#8221; css_animation=&#8221;&#8221; padding=&#8221;5&#8243;][vc_column_inner width=&#8221;3\/4&#8243;][vc_separator type=&#8221;transparent&#8221; up=&#8221;46&#8243; down=&#8221;0&#8243;][vc_column_text]<\/p>\n<h4><span style=\"color: #ffffff;\">Se um ingrediente \u00e9 bom e est\u00e1 na moda PhytoGOLD tem!<\/span><\/h4>\n<p>[\/vc_column_text][\/vc_column_inner][vc_column_inner width=&#8221;1\/4&#8243;][vc_separator type=&#8221;transparent&#8221; up=&#8221;38&#8243; down=&#8221;0&#8243;]<a  itemprop=\"url\" href=\"#\" target=\"_self\" data-hover-background-color=#f9f9f9 data-hover-border-color=#f9f9f9 data-hover-color=#000000 class=\"qbutton  default\" style=\"color: #000000; border-color: #ffffff; background-color: #ffffff;\">Contate-nos<\/a>[vc_separator type=&#8221;transparent&#8221; up=&#8221;42&#8243; down=&#8221;0&#8243;][\/vc_column_inner][\/vc_row_inner][\/vc_column][\/vc_row]<\/p>\n","protected":false},"excerpt":{"rendered":"<p>[vc_row css_animation=&#8221;&#8221; row_type=&#8221;row&#8221; use_row_as_full_screen_section=&#8221;no&#8221; type=&#8221;grid&#8221; anchor=&#8221;portfolio&#8221; angled_section=&#8221;no&#8221; text_align=&#8221;left&#8221; background_image_as_pattern=&#8221;without_pattern&#8221; background_color=&#8221;#ffffff&#8221; border_color=&#8221;#efefef&#8221; padding_top=&#8221;70&#8243; padding_bottom=&#8221;0&#8243;][vc_column][vc_separator type=&#8221;transparent&#8221; up=&#8221;10&#8243; down=&#8221;0&#8243;][vc_column_text] O CONSUMO DE SUPLEMENTOS ALIMENTARES \u00c9 REALMENTE BEN\u00c9FICO? [\/vc_column_text][vc_separator type=&#8221;transparent&#8221; up=&#8221;30&#8243; down=&#8221;30&#8243;][vc_row_inner row_type=&#8221;row&#8221; type=&#8221;full_width&#8221; text_align=&#8221;left&#8221; css_animation=&#8221;&#8221; css=&#8221;.vc_custom_1520858332677{padding-bottom: 30px !important;}&#8221;][vc_column_inner][vc_column_text]Como dita o prov\u00e9rbio popular &#8220;antes prevenir do que remediar&#8221;. Os&#8230;<\/p>\n","protected":false},"author":1,"featured_media":0,"parent":0,"menu_order":0,"comment_status":"open","ping_status":"open","template":"full_width.php","meta":[],"_links":{"self":[{"href":"https:\/\/phytogold.pt\/en\/wp-json\/wp\/v2\/pages\/16901"}],"collection":[{"href":"https:\/\/phytogold.pt\/en\/wp-json\/wp\/v2\/pages"}],"about":[{"href":"https:\/\/phytogold.pt\/en\/wp-json\/wp\/v2\/types\/page"}],"author":[{"embeddable":true,"href":"https:\/\/phytogold.pt\/en\/wp-json\/wp\/v2\/users\/1"}],"replies":[{"embeddable":true,"href":"https:\/\/phytogold.pt\/en\/wp-json\/wp\/v2\/comments?post=16901"}],"version-history":[{"count":0,"href":"https:\/\/phytogold.pt\/en\/wp-json\/wp\/v2\/pages\/16901\/revisions"}],"wp:attachment":[{"href":"https:\/\/phytogold.pt\/en\/wp-json\/wp\/v2\/media?parent=16901"}],"curies":[{"name":"wp","href":"https:\/\/api.w.org\/{rel}","templated":true}]}}