{"id":16055,"date":"2014-05-16T11:27:19","date_gmt":"2014-05-16T11:27:19","guid":{"rendered":"http:\/\/demo.qodeinteractive.com\/bridge6\/?page_id=16055"},"modified":"2021-06-21T13:17:59","modified_gmt":"2021-06-21T13:17:59","slug":"about","status":"publish","type":"page","link":"https:\/\/phytogold.pt\/en\/about\/","title":{"rendered":"About Our Company"},"content":{"rendered":"<p>[vc_row css_animation=&#8221;&#8221; row_type=&#8221;row&#8221; use_row_as_full_screen_section=&#8221;no&#8221; type=&#8221;grid&#8221; anchor=&#8221;portfolio&#8221; angled_section=&#8221;no&#8221; text_align=&#8221;left&#8221; background_image_as_pattern=&#8221;without_pattern&#8221; background_color=&#8221;#ffffff&#8221; border_color=&#8221;#efefef&#8221; padding_top=&#8221;70&#8243; padding_bottom=&#8221;0&#8243;][vc_column][vc_separator type=&#8221;transparent&#8221; up=&#8221;10&#8243; down=&#8221;0&#8243;][vc_column_text]<\/p>\n<h2 style=\"text-align: center;\">A MARCA<\/h2>\n<p>[\/vc_column_text][vc_separator type=&#8221;transparent&#8221; up=&#8221;30&#8243; down=&#8221;30&#8243;][vc_row_inner row_type=&#8221;row&#8221; type=&#8221;full_width&#8221; text_align=&#8221;left&#8221; css_animation=&#8221;&#8221; css=&#8221;.vc_custom_1520858332677{padding-bottom: 30px !important;}&#8221;][vc_column_inner width=&#8221;1\/2&#8243;][vc_single_image image=&#8221;16889&#8243; img_size=&#8221;full&#8221; qode_css_animation=&#8221;element_from_fade&#8221; transition_delay=&#8221;0.3&#8243;][\/vc_column_inner][vc_column_inner width=&#8221;1\/2&#8243;][vc_column_text]<\/p>\n<p style=\"text-align: justify;\">A PhytoGOLD, Lda. \u00e9 uma Empresa Portuguesa de Suplementos Alimentares, de Alta Qualidade, dedicados \u00e0 Sa\u00fade, Bem-Estar e Boa Forma.<\/p>\n<p style=\"text-align: justify;\">A PhytoGOLD\u00ae tem uma vasta gama de Antioxidantes, Emagrecimentos e Controlo de Peso, Revitalizantes Cerebrais, Sistema Circulat\u00f3rio, Articula\u00e7\u00f5es\u00a0e\u00a0Ossos, etc&#8230;<\/p>\n<p style=\"text-align: justify;\">Os Suplementos PhytoGOLD\u00ae s\u00e3o Suplementos Alimentares Nutrac\u00eauticos (t\u00eam a capacidade de proporcionar benef\u00edcios \u00e0 sa\u00fade como preven\u00e7\u00e3o e tratamento), sendo muito diferente da fitoterapia em geral, pois n\u00e3o engloba\u00a0o\u00a0uso popular das plantas em si, mas sim seus extratos e, s\u00f3 um bom extrato cont\u00e9m uma boa quantidade de princ\u00edpios ativos. O isolamento, a pureza\u00a0e o doseamento dos princ\u00edpios ativos, que s\u00e3o respons\u00e1veis pelos efeitos terap\u00eauticos da planta, s\u00e3o uma das principais prioridades da PhytoGOLD\u00ae; acresce ainda referir que mais de 90% dos\u00a0nossos ingredientes, quer princ\u00edpios ativos quer excipientes, n\u00e3o\u00a0cont\u00eam nenhuma\u00a0fonte de gl\u00faten, nem de origem animal.<\/p>\n<p>[\/vc_column_text][\/vc_column_inner][\/vc_row_inner][\/vc_column][\/vc_row][vc_row css_animation=&#8221;&#8221; row_type=&#8221;row&#8221; use_row_as_full_screen_section=&#8221;no&#8221; type=&#8221;grid&#8221; anchor=&#8221;portfolio&#8221; angled_section=&#8221;no&#8221; text_align=&#8221;left&#8221; background_image_as_pattern=&#8221;without_pattern&#8221; background_color=&#8221;#ffffff&#8221; padding_top=&#8221;70&#8243; padding_bottom=&#8221;0&#8243; css=&#8221;.vc_custom_1523626016138{margin-bottom: 50px !important;padding-top: 30px !important;}&#8221; z_index=&#8221;&#8221;][vc_column][vc_row_inner row_type=&#8221;row&#8221; type=&#8221;full_width&#8221; text_align=&#8221;left&#8221; css_animation=&#8221;&#8221;][vc_column_inner width=&#8221;1\/2&#8243;][vc_column_text]<\/p>\n<p style=\"text-align: justify;\">Desde j\u00e1 gostar\u00edamos de assegurar que os nossos artigos se regem pelos princ\u00edpios imut\u00e1veis da\u00a0Qualidade, da\u00a0Seguran\u00e7a e da Efic\u00e1cia. Acreditamos e defendemos que os crit\u00e9rios de Qualidade, Seguran\u00e7a e Efic\u00e1cia devem ser equivalentes aos dos medicamentos convencionais, n\u00e3o s\u00f3 para credibilizar este sector, mas, em especial, para sermos merecedores da confian\u00e7a dos nossos clientes e em especial a de V.Exa.<\/p>\n<p style=\"text-align: justify;\">Os Suplementos Alimentares PhytoGOLD\u00ae encontram-se dispon\u00edveis em Portugal no mercado de Diet\u00e9ticas, Farm\u00e1cias, Para-farm\u00e1cias e Lojas Well\u00b4s! Acreditamos que todo o consumidor merece um atendimento pessoal e personalizado.<\/p>\n<p style=\"text-align: justify;\">O Sucesso da nossa Marca \u00e9 resultado dos nossos distribuidores, clientes e consumidores acreditarem em n\u00f3s e, comprovarem a efic\u00e1cia obtida nos nossos Suplementos Alimentares!<\/p>\n<p style=\"text-align: justify;\">Assim temos o prazer de anunciar que a PhytoGOLD, desde Maio de 2013 \u00e9 uma Marca Comunit\u00e1ria Registada e j\u00e1 no ano passado demos entrada do Registo Internacional o que representa mais um passo dado na prote\u00e7\u00e3o da nossa marca e produtos PhytoGOLD\u00ae.<\/p>\n<p style=\"text-align: justify;\">Existimos porque VOC\u00ca acredita em n\u00f3s. Muito obrigado!<\/p>\n<p>[\/vc_column_text][\/vc_column_inner][vc_column_inner width=&#8221;1\/2&#8243;][vc_single_image image=&#8221;16886&#8243; img_size=&#8221;full&#8221; qode_css_animation=&#8221;element_from_fade&#8221; transition_delay=&#8221;0.3&#8243;][vc_separator type=&#8221;transparent&#8221; up=&#8221;69&#8243; down=&#8221;0&#8243;][vc_single_image image=&#8221;16872&#8243; img_size=&#8221;full&#8221; alignment=&#8221;center&#8221; qode_css_animation=&#8221;element_from_fade&#8221; transition_delay=&#8221;0.3&#8243;][\/vc_column_inner][\/vc_row_inner][\/vc_column][\/vc_row][vc_row css_animation=&#8221;&#8221; row_type=&#8221;row&#8221; use_row_as_full_screen_section=&#8221;no&#8221; type=&#8221;grid&#8221; angled_section=&#8221;no&#8221; text_align=&#8221;left&#8221; background_image=&#8221;16526&#8243; background_image_as_pattern=&#8221;without_pattern&#8221; z_index=&#8221;&#8221;][vc_column][vc_row_inner row_type=&#8221;row&#8221; type=&#8221;full_width&#8221; text_align=&#8221;center&#8221; css_animation=&#8221;&#8221; padding=&#8221;5&#8243;][vc_column_inner width=&#8221;3\/4&#8243;][vc_separator type=&#8221;transparent&#8221; up=&#8221;46&#8243; down=&#8221;0&#8243;][vc_column_text]<\/p>\n<h4><span style=\"color: #ffffff;\">Se um ingrediente \u00e9 bom e est\u00e1 na moda PhytoGOLD tem!<\/span><\/h4>\n<p>[\/vc_column_text][\/vc_column_inner][vc_column_inner width=&#8221;1\/4&#8243;][vc_separator type=&#8221;transparent&#8221; up=&#8221;38&#8243; down=&#8221;0&#8243;]<a  itemprop=\"url\" href=\"#\" target=\"_self\" data-hover-background-color=#f9f9f9 data-hover-border-color=#f9f9f9 data-hover-color=#000000 class=\"qbutton  default\" style=\"color: #000000; border-color: #ffffff; background-color: #ffffff;\">Contate-nos<\/a>[vc_separator type=&#8221;transparent&#8221; up=&#8221;42&#8243; down=&#8221;0&#8243;][\/vc_column_inner][\/vc_row_inner][\/vc_column][\/vc_row]<\/p>","protected":false},"excerpt":{"rendered":"<p>[vc_row css_animation=&#8221;&#8221; row_type=&#8221;row&#8221; use_row_as_full_screen_section=&#8221;no&#8221; type=&#8221;grid&#8221; anchor=&#8221;portfolio&#8221; angled_section=&#8221;no&#8221; text_align=&#8221;left&#8221; background_image_as_pattern=&#8221;without_pattern&#8221; background_color=&#8221;#ffffff&#8221; border_color=&#8221;#efefef&#8221; padding_top=&#8221;70&#8243; padding_bottom=&#8221;0&#8243;][vc_column][vc_separator type=&#8221;transparent&#8221; up=&#8221;10&#8243; down=&#8221;0&#8243;][vc_column_text] A MARCA [\/vc_column_text][vc_separator type=&#8221;transparent&#8221; up=&#8221;30&#8243; down=&#8221;30&#8243;][vc_row_inner row_type=&#8221;row&#8221; type=&#8221;full_width&#8221; text_align=&#8221;left&#8221; css_animation=&#8221;&#8221; css=&#8221;.vc_custom_1520858332677{padding-bottom: 30px !important;}&#8221;][vc_column_inner width=&#8221;1\/2&#8243;][vc_single_image image=&#8221;16889&#8243; img_size=&#8221;full&#8221; qode_css_animation=&#8221;element_from_fade&#8221; transition_delay=&#8221;0.3&#8243;][\/vc_column_inner][vc_column_inner width=&#8221;1\/2&#8243;][vc_column_text] A PhytoGOLD, Lda. \u00e9 uma Empresa Portuguesa de Suplementos Alimentares,&#8230;<\/p>\n","protected":false},"author":1,"featured_media":0,"parent":0,"menu_order":0,"comment_status":"open","ping_status":"open","template":"full_width.php","meta":[],"_links":{"self":[{"href":"https:\/\/phytogold.pt\/en\/wp-json\/wp\/v2\/pages\/16055"}],"collection":[{"href":"https:\/\/phytogold.pt\/en\/wp-json\/wp\/v2\/pages"}],"about":[{"href":"https:\/\/phytogold.pt\/en\/wp-json\/wp\/v2\/types\/page"}],"author":[{"embeddable":true,"href":"https:\/\/phytogold.pt\/en\/wp-json\/wp\/v2\/users\/1"}],"replies":[{"embeddable":true,"href":"https:\/\/phytogold.pt\/en\/wp-json\/wp\/v2\/comments?post=16055"}],"version-history":[{"count":3,"href":"https:\/\/phytogold.pt\/en\/wp-json\/wp\/v2\/pages\/16055\/revisions"}],"predecessor-version":[{"id":18229,"href":"https:\/\/phytogold.pt\/en\/wp-json\/wp\/v2\/pages\/16055\/revisions\/18229"}],"wp:attachment":[{"href":"https:\/\/phytogold.pt\/en\/wp-json\/wp\/v2\/media?parent=16055"}],"curies":[{"name":"wp","href":"https:\/\/api.w.org\/{rel}","templated":true}]}}