{"id":18085,"date":"2021-01-13T11:33:01","date_gmt":"2021-01-13T11:33:01","guid":{"rendered":"http:\/\/phytogold.pt\/?page_id=18085"},"modified":"2022-11-24T15:07:29","modified_gmt":"2022-11-24T15:07:29","slug":"sharflex-calcio-2","status":"publish","type":"page","link":"http:\/\/phytogold.pt\/fr\/articulacoes-ossos-cartilagens\/sharflex-calcio-2\/","title":{"rendered":"SharFLEX\u00ae CALCIUM"},"content":{"rendered":"<p>[vc_row css_animation=\u00a0\u00bb\u00a0\u00bb row_type=\u00a0\u00bbrow\u00a0\u00bb use_row_as_full_screen_section=\u00a0\u00bbno\u00a0\u00bb type=\u00a0\u00bbfull_width\u00a0\u00bb angled_section=\u00a0\u00bbno\u00a0\u00bb text_align=\u00a0\u00bbleft\u00a0\u00bb background_image_as_pattern=\u00a0\u00bbwithout_pattern\u00a0\u00bb][vc_column width=\u00a0\u00bb1\/4&Prime;][vc_single_image image=\u00a0\u00bb18086&Prime; img_size=\u00a0\u00bbfull\u00a0\u00bb qode_css_animation=\u00a0\u00bb\u00a0\u00bb][\/vc_column][vc_column width=\u00a0\u00bb3\/4&Prime;][vc_column_text]<\/p>\n<h1>SharFLEX\u00ae\u00a0<span lang=\"fr\">CALCIUM<\/span><\/h1>\n<p>[\/vc_column_text][vc_empty_space height=\u00a0\u00bb30px\u00a0\u00bb][vc_column_text]<span style=\"color: #333333;\"><strong>Pr\u00e9sentation: <\/strong><\/span><\/p>\n<p id=\"tw-target-text\" class=\"tw-data-text tw-text-large XcVN5d tw-ta\" dir=\"ltr\" data-placeholder=\"Tradu\u00e7\u00e3o\"><span lang=\"fr\" style=\"color: #333333;\">60 comprim\u00e9s.<\/span><\/p>\n<p>[\/vc_column_text][\/vc_column][\/vc_row][vc_row css_animation=\u00a0\u00bb\u00a0\u00bb row_type=\u00a0\u00bbrow\u00a0\u00bb use_row_as_full_screen_section=\u00a0\u00bbno\u00a0\u00bb type=\u00a0\u00bbfull_width\u00a0\u00bb angled_section=\u00a0\u00bbno\u00a0\u00bb text_align=\u00a0\u00bbleft\u00a0\u00bb background_image_as_pattern=\u00a0\u00bbwithout_pattern\u00a0\u00bb][vc_column]<div class=\"qode-advanced-tabs qode-advanced-tabs qode-advanced-horizontal-tab clearfix qode-advanced-tab-without-icon qode-advanced-tabs-column-2 clearfix\">\n\t<ul class=\"qode-advanced-tabs-nav\">\n\t\t\t\t\t<li>\n\t\t\t\t<h6>\n\t\t\t\t\t<a href=\"#tab-ingredients\">\n\t\t\t\t\t\t\n\t\t\t\t\t\t\t\t\t\t\t\t\t<span class=\"qode-advanced-tab-text-after-icon\">\n\t\t\t\t\t\t\t\tIngr\u00e9dients:\t\t\t\t\t\t\t<\/span>\n\t\t\t\t\t\t\t\t\t\t\t<\/a>\n\t\t\t\t<\/h6>\n\t\t\t<\/li>\n\t\t\t\t\t<li>\n\t\t\t\t<h6>\n\t\t\t\t\t<a href=\"#tab-conseils-dutilisation\">\n\t\t\t\t\t\t\n\t\t\t\t\t\t\t\t\t\t\t\t\t<span class=\"qode-advanced-tab-text-after-icon\">\n\t\t\t\t\t\t\t\tConseils d&#039;utilisation\t\t\t\t\t\t\t<\/span>\n\t\t\t\t\t\t\t\t\t\t\t<\/a>\n\t\t\t\t<\/h6>\n\t\t\t<\/li>\n\t\t\t<\/ul>\n\t<div class=\"qode-advanced-tab-container\" id=\"tab-ingredients-845\" data-icon-pack=\"\" data-icon-html=\"\">[vc_column_text]<\/p>\n<p id=\"tw-target-text\" class=\"tw-data-text tw-text-large XcVN5d tw-ta\" dir=\"ltr\" data-placeholder=\"Tradu\u00e7\u00e3o\"><span lang=\"fr\" style=\"color: #333333;\">Corail 720 mg (calcium 144 mg 18% VRN); Cartilage de requin 600 mg (sulfate de chondro\u00eftine 24 mg); Vitamine C 80 mg 100% VRN; Vitamine B3 ou Niacine 16 mg 100% VRN; Vitamine E 12 mg 100% VRN; Vitamine B5 6 mg 100% VRN; Fer 2,1 mg 15% VRN; Vitamine B6 1,4 mg 100% VRN; Vitamine B2 1,4 mg 100% VRN; Fluor 1,359 mg 38,8% VRN; Vitamine B1 1,1 mg 100% VRN; Magn\u00e9sium 0,75 mg 0,2% VRN; Vitamine B9 ou acide folique 200mcg 100% VRN; Vitamine H ou biotine 50mcg 100% VRN; Vitamine D 5mcg 100% VRN; Vitamine B12 2,5 mcg 100% VRN.<\/span><\/p>\n<p>[\/vc_column_text]<\/div><div class=\"qode-advanced-tab-container\" id=\"tab-conseils-dutilisation-777\" data-icon-pack=\"\" data-icon-html=\"\">[vc_column_text]<\/p>\n<p class=\"tw-data-text tw-text-large XcVN5d tw-ta\" dir=\"ltr\" data-placeholder=\"Tradu\u00e7\u00e3o\"><span style=\"color: #333333;\"><span lang=\"fr\">Il est recommand\u00e9 de prendre\u00a0<\/span><\/span><span lang=\"fr\" style=\"color: #333333;\">3 comprim\u00e9s par jour, 1 comprim\u00e9 le matin, un autre l&rsquo;apr\u00e8s-midi et un autre le soir.<\/span><\/p>\n<p>[\/vc_column_text]<\/div><\/div>[\/vc_column][\/vc_row][vc_row css_animation=\u00a0\u00bb\u00a0\u00bb row_type=\u00a0\u00bbrow\u00a0\u00bb use_row_as_full_screen_section=\u00a0\u00bbno\u00a0\u00bb type=\u00a0\u00bbfull_width\u00a0\u00bb angled_section=\u00a0\u00bbno\u00a0\u00bb text_align=\u00a0\u00bbleft\u00a0\u00bb background_image_as_pattern=\u00a0\u00bbwithout_pattern\u00a0\u00bb css=\u00a0\u00bb.vc_custom_1519906604451{margin-top: 50px !important;margin-bottom: 50px !important;}\u00a0\u00bb z_index=\u00a0\u00bb\u00a0\u00bb][vc_column][vc_column_text]<\/p>\n<p>Se tiver qualquer d\u00favida n\u00e3o hesite em nos contactar<br \/>\n[\/vc_column_text][\/vc_column][\/vc_row][vc_row css_animation=\u00a0\u00bb\u00a0\u00bb row_type=\u00a0\u00bbrow\u00a0\u00bb use_row_as_full_screen_section=\u00a0\u00bbno\u00a0\u00bb type=\u00a0\u00bbfull_width\u00a0\u00bb angled_section=\u00a0\u00bbno\u00a0\u00bb text_align=\u00a0\u00bbleft\u00a0\u00bb background_image_as_pattern=\u00a0\u00bbwithout_pattern\u00a0\u00bb][vc_column width=\u00a0\u00bb1\/3&Prime;][vc_column_text]<\/p>\n<p>MORADA<br \/>\n[\/vc_column_text][vc_separator type=\u00a0\u00bbtransparent\u00a0\u00bb up=\u00a0\u00bb6&Prime; down=\u00a0\u00bb6&Prime;][vc_column_text]Rua C do N\u00facleo Empresarial N\u00ba 61 \u2013 Quinta dos Estrangeiros<\/p>\n<p>2665-601 Venda-do-Pinheiro<\/p>\n<p>Email: comercial@phytogold.pt[\/vc_column_text][vc_separator type=\u00a0\u00bbtransparent\u00a0\u00bb up=\u00a0\u00bb6&Prime; down=\u00a0\u00bb6&Prime;]<span class='q_social_icon_holder normal_social' ><a itemprop='url' href='https:\/\/www.facebook.com\/' target='_blank'><i class=\"qode_icon_font_awesome fa fa-facebook fa-lg simple_social\" style=\"margin: 0 13px 0 0;\" ><\/i><\/a><\/span><span class='q_social_icon_holder normal_social' ><a itemprop='url' href='http:\/\/instagram.com' target='_blank'><i class=\"qode_icon_font_awesome fa fa-instagram fa-lg simple_social\" style=\"margin: 0 13px 0 0;\" ><\/i><\/a><\/span>[\/vc_column][vc_column width=\u00a0\u00bb2\/3&Prime;]<div role=\"form\" class=\"wpcf7\" id=\"wpcf7-f16583-o3\" lang=\"en-US\" dir=\"ltr\">\n<div class=\"screen-reader-response\"><\/div>\n<form action=\"\/fr\/wp-json\/wp\/v2\/pages\/18085#wpcf7-f16583-o3\" method=\"post\" class=\"wpcf7-form cf7_custom_style_3\" novalidate=\"novalidate\">\n<div style=\"display: none;\">\n<input type=\"hidden\" name=\"_wpcf7\" value=\"16583\" \/>\n<input type=\"hidden\" name=\"_wpcf7_version\" value=\"5.0.5\" \/>\n<input type=\"hidden\" name=\"_wpcf7_locale\" value=\"en_US\" \/>\n<input type=\"hidden\" name=\"_wpcf7_unit_tag\" value=\"wpcf7-f16583-o3\" \/>\n<input type=\"hidden\" name=\"_wpcf7_container_post\" value=\"0\" \/>\n<\/div>\n<div class=\"three_columns clearfix\">\n<div class=\"column1\">\n<div class=\"column_inner\"><span class=\"wpcf7-form-control-wrap first-name\"><input type=\"text\" name=\"first-name\" value=\"\" size=\"40\" class=\"wpcf7-form-control wpcf7-text wpcf7-validates-as-required\" aria-required=\"true\" aria-invalid=\"false\" placeholder=\"First Name*\" \/><\/span><\/div>\n<\/div>\n<div class=\"column2\">\n<div class=\"column_inner\"><span class=\"wpcf7-form-control-wrap last-name\"><input type=\"text\" name=\"last-name\" value=\"\" size=\"40\" class=\"wpcf7-form-control wpcf7-text wpcf7-validates-as-required\" aria-required=\"true\" aria-invalid=\"false\" placeholder=\"Last Name*\" \/><\/span><\/div>\n<\/div>\n<div class=\"column3\">\n<div class=\"column_inner\"><span class=\"wpcf7-form-control-wrap email\"><input type=\"email\" name=\"email\" value=\"\" size=\"40\" maxlength=\"100\" class=\"wpcf7-form-control wpcf7-text wpcf7-email wpcf7-validates-as-required wpcf7-validates-as-email\" aria-required=\"true\" aria-invalid=\"false\" placeholder=\"Email*\" \/><\/span><\/div>\n<\/div>\n<\/div>\n<p><span class=\"wpcf7-form-control-wrap message\"><textarea name=\"message\" cols=\"40\" rows=\"10\" class=\"wpcf7-form-control wpcf7-textarea wpcf7-validates-as-required\" aria-required=\"true\" aria-invalid=\"false\" placeholder=\"Message*\"><\/textarea><\/span><\/p>\n<p><input type=\"submit\" value=\"CONTACT US\" class=\"wpcf7-form-control wpcf7-submit\" \/><\/p>\n<div class=\"wpcf7-response-output wpcf7-display-none\"><\/div><\/form><\/div>[\/vc_column][\/vc_row]<\/p>","protected":false},"excerpt":{"rendered":"<p>[vc_row css_animation=\u00a0\u00bb\u00a0\u00bb row_type=\u00a0\u00bbrow\u00a0\u00bb use_row_as_full_screen_section=\u00a0\u00bbno\u00a0\u00bb type=\u00a0\u00bbfull_width\u00a0\u00bb angled_section=\u00a0\u00bbno\u00a0\u00bb text_align=\u00a0\u00bbleft\u00a0\u00bb background_image_as_pattern=\u00a0\u00bbwithout_pattern\u00a0\u00bb][vc_column width=\u00a0\u00bb1\/4&Prime;][vc_single_image image=\u00a0\u00bb18086&Prime; img_size=\u00a0\u00bbfull\u00a0\u00bb qode_css_animation=\u00a0\u00bb\u00a0\u00bb][\/vc_column][vc_column width=\u00a0\u00bb3\/4&Prime;][vc_column_text] SharFLEX\u00ae\u00a0CALCIUM [\/vc_column_text][vc_empty_space height=\u00a0\u00bb30px\u00a0\u00bb][vc_column_text]Pr\u00e9sentation: 60 comprim\u00e9s. [\/vc_column_text][\/vc_column][\/vc_row][vc_row css_animation=\u00a0\u00bb\u00a0\u00bb row_type=\u00a0\u00bbrow\u00a0\u00bb use_row_as_full_screen_section=\u00a0\u00bbno\u00a0\u00bb type=\u00a0\u00bbfull_width\u00a0\u00bb angled_section=\u00a0\u00bbno\u00a0\u00bb text_align=\u00a0\u00bbleft\u00a0\u00bb background_image_as_pattern=\u00a0\u00bbwithout_pattern\u00a0\u00bb][vc_column][\/vc_column][\/vc_row][vc_row css_animation=\u00a0\u00bb\u00a0\u00bb row_type=\u00a0\u00bbrow\u00a0\u00bb use_row_as_full_screen_section=\u00a0\u00bbno\u00a0\u00bb type=\u00a0\u00bbfull_width\u00a0\u00bb angled_section=\u00a0\u00bbno\u00a0\u00bb text_align=\u00a0\u00bbleft\u00a0\u00bb background_image_as_pattern=\u00a0\u00bbwithout_pattern\u00a0\u00bb css=\u00a0\u00bb.vc_custom_1519906604451{margin-top: 50px !important;margin-bottom: 50px !important;}\u00a0\u00bb z_index=\u00a0\u00bb\u00a0\u00bb][vc_column][vc_column_text] Se tiver qualquer d\u00favida n\u00e3o hesite&#8230;<\/p>\n","protected":false},"author":2,"featured_media":0,"parent":16798,"menu_order":0,"comment_status":"closed","ping_status":"closed","template":"","meta":[],"_links":{"self":[{"href":"http:\/\/phytogold.pt\/fr\/wp-json\/wp\/v2\/pages\/18085"}],"collection":[{"href":"http:\/\/phytogold.pt\/fr\/wp-json\/wp\/v2\/pages"}],"about":[{"href":"http:\/\/phytogold.pt\/fr\/wp-json\/wp\/v2\/types\/page"}],"author":[{"embeddable":true,"href":"http:\/\/phytogold.pt\/fr\/wp-json\/wp\/v2\/users\/2"}],"replies":[{"embeddable":true,"href":"http:\/\/phytogold.pt\/fr\/wp-json\/wp\/v2\/comments?post=18085"}],"version-history":[{"count":3,"href":"http:\/\/phytogold.pt\/fr\/wp-json\/wp\/v2\/pages\/18085\/revisions"}],"predecessor-version":[{"id":18448,"href":"http:\/\/phytogold.pt\/fr\/wp-json\/wp\/v2\/pages\/18085\/revisions\/18448"}],"up":[{"embeddable":true,"href":"http:\/\/phytogold.pt\/fr\/wp-json\/wp\/v2\/pages\/16798"}],"wp:attachment":[{"href":"http:\/\/phytogold.pt\/fr\/wp-json\/wp\/v2\/media?parent=18085"}],"curies":[{"name":"wp","href":"https:\/\/api.w.org\/{rel}","templated":true}]}}